{"id":931,"date":"2025-11-26T14:01:20","date_gmt":"2025-11-26T14:01:20","guid":{"rendered":"https:\/\/blackswan.proclubagency.com\/?page_id=931"},"modified":"2025-12-04T19:03:02","modified_gmt":"2025-12-04T19:03:02","slug":"blog","status":"publish","type":"page","link":"https:\/\/blackswan.proclubagency.com\/fr\/blog\/","title":{"rendered":"Blog"},"content":{"rendered":"<div data-elementor-type=\"wp-page\" data-elementor-id=\"931\" class=\"elementor elementor-931\" data-elementor-settings=\"{&quot;ha_cmc_init_switcher&quot;:&quot;no&quot;}\" data-elementor-post-type=\"page\">\n\t\t\t\t<div class=\"elementor-element elementor-element-eefed9e e-flex e-con-boxed e-con e-parent\" data-id=\"eefed9e\" data-element_type=\"container\" data-e-type=\"container\" data-settings=\"{&quot;background_background&quot;:&quot;classic&quot;,&quot;_ha_eqh_enable&quot;:false}\">\n\t\t\t\t\t<div class=\"e-con-inner\">\n\t\t\t\t<div class=\"elementor-element elementor-element-40e2b33 elementor-widget elementor-widget-heading\" data-id=\"40e2b33\" data-element_type=\"widget\" data-e-type=\"widget\" data-widget_type=\"heading.default\">\n\t\t\t\t\t<h1 class=\"elementor-heading-title elementor-size-default\">Madame Swan<\/h1>\t\t\t\t<\/div>\n\t\t\t\t<div class=\"elementor-element elementor-element-64799f9 elementor-widget__width-initial elementor-widget elementor-widget-image\" data-id=\"64799f9\" data-element_type=\"widget\" data-e-type=\"widget\" data-widget_type=\"image.default\">\n\t\t\t\t\t\t\t\t\t\t\t\t\t\t\t<img fetchpriority=\"high\" decoding=\"async\" width=\"800\" height=\"158\" src=\"https:\/\/blackswan.proclubagency.com\/wp-content\/uploads\/2025\/11\/Diseno-sin-titulo-8-1024x202.webp\" class=\"attachment-large size-large wp-image-844\" alt=\"\" srcset=\"https:\/\/blackswan.proclubagency.com\/wp-content\/uploads\/2025\/11\/Diseno-sin-titulo-8-1024x202.webp 1024w, https:\/\/blackswan.proclubagency.com\/wp-content\/uploads\/2025\/11\/Diseno-sin-titulo-8-300x59.webp 300w, https:\/\/blackswan.proclubagency.com\/wp-content\/uploads\/2025\/11\/Diseno-sin-titulo-8-768x151.webp 768w, https:\/\/blackswan.proclubagency.com\/wp-content\/uploads\/2025\/11\/Diseno-sin-titulo-8-1536x302.webp 1536w, https:\/\/blackswan.proclubagency.com\/wp-content\/uploads\/2025\/11\/Diseno-sin-titulo-8.webp 1920w\" sizes=\"(max-width: 800px) 100vw, 800px\" \/>\t\t\t\t\t\t\t\t\t\t\t\t\t\t\t<\/div>\n\t\t\t\t\t<\/div>\n\t\t\t\t<\/div>\n\t\t<div class=\"elementor-element elementor-element-e369e2e e-flex e-con-boxed e-con e-parent\" data-id=\"e369e2e\" data-element_type=\"container\" data-e-type=\"container\" data-settings=\"{&quot;background_background&quot;:&quot;classic&quot;,&quot;_ha_eqh_enable&quot;:false}\">\n\t\t\t\t\t<div class=\"e-con-inner\">\n\t\t\t\t<div class=\"elementor-element elementor-element-ceab197 elementor-widget elementor-widget-heading\" data-id=\"ceab197\" data-element_type=\"widget\" data-e-type=\"widget\" data-widget_type=\"heading.default\">\n\t\t\t\t\t<h1 class=\"elementor-heading-title elementor-size-default\">Art\u00edculos de Blog<\/h1>\t\t\t\t<\/div>\n\t\t\t\t<div class=\"elementor-element elementor-element-e440570 elementor-grid-3 elementor-grid-tablet-2 elementor-grid-mobile-1 elementor-posts--thumbnail-top elementor-card-shadow-yes elementor-posts__hover-gradient elementor-widget elementor-widget-posts\" data-id=\"e440570\" data-element_type=\"widget\" data-e-type=\"widget\" data-settings=\"{&quot;pagination_type&quot;:&quot;numbers&quot;,&quot;cards_columns&quot;:&quot;3&quot;,&quot;cards_columns_tablet&quot;:&quot;2&quot;,&quot;cards_columns_mobile&quot;:&quot;1&quot;,&quot;cards_row_gap&quot;:{&quot;unit&quot;:&quot;px&quot;,&quot;size&quot;:35,&quot;sizes&quot;:[]},&quot;cards_row_gap_laptop&quot;:{&quot;unit&quot;:&quot;px&quot;,&quot;size&quot;:&quot;&quot;,&quot;sizes&quot;:[]},&quot;cards_row_gap_tablet&quot;:{&quot;unit&quot;:&quot;px&quot;,&quot;size&quot;:&quot;&quot;,&quot;sizes&quot;:[]},&quot;cards_row_gap_mobile&quot;:{&quot;unit&quot;:&quot;px&quot;,&quot;size&quot;:&quot;&quot;,&quot;sizes&quot;:[]}}\" data-widget_type=\"posts.cards\">\n\t\t\t\t<div class=\"elementor-widget-container\">\n\t\t\t\t\t\t\t<div class=\"elementor-posts-container elementor-posts elementor-posts--skin-cards elementor-grid\" role=\"list\">\n\t\t\t\t<article class=\"elementor-post elementor-grid-item post-2512 post type-post status-publish format-standard has-post-thumbnail hentry category-uncategorized\" role=\"listitem\">\n\t\t\t<div class=\"elementor-post__card\">\n\t\t\t\t<a class=\"elementor-post__thumbnail__link\" href=\"https:\/\/blackswan.proclubagency.com\/fr\/%e2%81%a0sexo-sin-alma-1\/\" tabindex=\"-1\" ><div class=\"elementor-post__thumbnail\"><img decoding=\"async\" width=\"1920\" height=\"1080\" src=\"https:\/\/blackswan.proclubagency.com\/wp-content\/uploads\/2025\/11\/1920-X-1080-BLACKSWAN-4.webp\" class=\"attachment-full size-full wp-image-333\" alt=\"\" srcset=\"https:\/\/blackswan.proclubagency.com\/wp-content\/uploads\/2025\/11\/1920-X-1080-BLACKSWAN-4.webp 1920w, https:\/\/blackswan.proclubagency.com\/wp-content\/uploads\/2025\/11\/1920-X-1080-BLACKSWAN-4-300x169.webp 300w, https:\/\/blackswan.proclubagency.com\/wp-content\/uploads\/2025\/11\/1920-X-1080-BLACKSWAN-4-1024x576.webp 1024w, https:\/\/blackswan.proclubagency.com\/wp-content\/uploads\/2025\/11\/1920-X-1080-BLACKSWAN-4-768x432.webp 768w, https:\/\/blackswan.proclubagency.com\/wp-content\/uploads\/2025\/11\/1920-X-1080-BLACKSWAN-4-1536x864.webp 1536w\" sizes=\"(max-width: 1920px) 100vw, 1920px\" \/><\/div><\/a>\n\t\t\t\t<div class=\"elementor-post__text\">\n\t\t\t\t<h3 class=\"elementor-post__title\">\n\t\t\t<a href=\"https:\/\/blackswan.proclubagency.com\/fr\/%e2%81%a0sexo-sin-alma-1\/\" >\n\t\t\t\t\u2060Sexo sin alma 1\t\t\t<\/a>\n\t\t<\/h3>\n\t\t\t\t<div class=\"elementor-post__excerpt\">\n\t\t\t<p>Una descarga intensa puede parecer suficiente, pero el sexo sin alma deja un eco fr\u00edo justo despu\u00e9s del placer. La qu\u00edmica sube r\u00e1pido, cae a\u00fan m\u00e1s r\u00e1pido y revela un vac\u00edo que no tiene que ver con el cuerpo, sino con la falta de conexi\u00f3n. El acto entretiene, pero no sostiene; solo la profundidad emocional transforma el impulso en algo que realmente llena.<\/p>\n\t\t<\/div>\n\t\t\n\t\t<a class=\"elementor-post__read-more\" href=\"https:\/\/blackswan.proclubagency.com\/fr\/%e2%81%a0sexo-sin-alma-1\/\" aria-label=\"Read more about \u2060Sexo sin alma 1\" tabindex=\"-1\" >\n\t\t\tLeer art\u00edculo \u00bb\t\t<\/a>\n\n\t\t\t\t<\/div>\n\t\t\t\t<div class=\"elementor-post__meta-data\">\n\t\t\t\t\t<span class=\"elementor-post-date\">\n\t\t\td\u00e9cembre 4, 2025\t\t<\/span>\n\t\t\t\t<\/div>\n\t\t\t\t\t<\/div>\n\t\t<\/article>\n\t\t\t\t<article class=\"elementor-post elementor-grid-item post-2513 post type-post status-publish format-standard has-post-thumbnail hentry category-uncategorized\" role=\"listitem\">\n\t\t\t<div class=\"elementor-post__card\">\n\t\t\t\t<a class=\"elementor-post__thumbnail__link\" href=\"https:\/\/blackswan.proclubagency.com\/fr\/%e2%81%a0sexo-sin-alma-2\/\" tabindex=\"-1\" ><div class=\"elementor-post__thumbnail\"><img decoding=\"async\" width=\"1920\" height=\"1080\" src=\"https:\/\/blackswan.proclubagency.com\/wp-content\/uploads\/2025\/11\/1920-X-1080-BLACKSWAN-4.webp\" class=\"attachment-full size-full wp-image-333\" alt=\"\" srcset=\"https:\/\/blackswan.proclubagency.com\/wp-content\/uploads\/2025\/11\/1920-X-1080-BLACKSWAN-4.webp 1920w, https:\/\/blackswan.proclubagency.com\/wp-content\/uploads\/2025\/11\/1920-X-1080-BLACKSWAN-4-300x169.webp 300w, https:\/\/blackswan.proclubagency.com\/wp-content\/uploads\/2025\/11\/1920-X-1080-BLACKSWAN-4-1024x576.webp 1024w, https:\/\/blackswan.proclubagency.com\/wp-content\/uploads\/2025\/11\/1920-X-1080-BLACKSWAN-4-768x432.webp 768w, https:\/\/blackswan.proclubagency.com\/wp-content\/uploads\/2025\/11\/1920-X-1080-BLACKSWAN-4-1536x864.webp 1536w\" sizes=\"(max-width: 1920px) 100vw, 1920px\" \/><\/div><\/a>\n\t\t\t\t<div class=\"elementor-post__text\">\n\t\t\t\t<h3 class=\"elementor-post__title\">\n\t\t\t<a href=\"https:\/\/blackswan.proclubagency.com\/fr\/%e2%81%a0sexo-sin-alma-2\/\" >\n\t\t\t\t\u2060Sexo sin alma 2\t\t\t<\/a>\n\t\t<\/h3>\n\t\t\t\t<div class=\"elementor-post__excerpt\">\n\t\t\t<p>Una descarga intensa puede parecer suficiente, pero el sexo sin alma deja un eco fr\u00edo justo despu\u00e9s del placer. La qu\u00edmica sube r\u00e1pido, cae a\u00fan m\u00e1s r\u00e1pido y revela un vac\u00edo que no tiene que ver con el cuerpo, sino con la falta de conexi\u00f3n. El acto entretiene, pero no sostiene; solo la profundidad emocional transforma el impulso en algo que realmente llena.<\/p>\n\t\t<\/div>\n\t\t\n\t\t<a class=\"elementor-post__read-more\" href=\"https:\/\/blackswan.proclubagency.com\/fr\/%e2%81%a0sexo-sin-alma-2\/\" aria-label=\"Read more about \u2060Sexo sin alma 2\" tabindex=\"-1\" >\n\t\t\tLeer art\u00edculo \u00bb\t\t<\/a>\n\n\t\t\t\t<\/div>\n\t\t\t\t<div class=\"elementor-post__meta-data\">\n\t\t\t\t\t<span class=\"elementor-post-date\">\n\t\t\td\u00e9cembre 4, 2025\t\t<\/span>\n\t\t\t\t<\/div>\n\t\t\t\t\t<\/div>\n\t\t<\/article>\n\t\t\t\t<article class=\"elementor-post elementor-grid-item post-2514 post type-post status-publish format-standard has-post-thumbnail hentry category-uncategorized\" role=\"listitem\">\n\t\t\t<div class=\"elementor-post__card\">\n\t\t\t\t<a class=\"elementor-post__thumbnail__link\" href=\"https:\/\/blackswan.proclubagency.com\/fr\/%e2%81%a0sexo-sin-alma-3\/\" tabindex=\"-1\" ><div class=\"elementor-post__thumbnail\"><img decoding=\"async\" width=\"1920\" height=\"1080\" src=\"https:\/\/blackswan.proclubagency.com\/wp-content\/uploads\/2025\/11\/1920-X-1080-BLACKSWAN-4.webp\" class=\"attachment-full size-full wp-image-333\" alt=\"\" srcset=\"https:\/\/blackswan.proclubagency.com\/wp-content\/uploads\/2025\/11\/1920-X-1080-BLACKSWAN-4.webp 1920w, https:\/\/blackswan.proclubagency.com\/wp-content\/uploads\/2025\/11\/1920-X-1080-BLACKSWAN-4-300x169.webp 300w, https:\/\/blackswan.proclubagency.com\/wp-content\/uploads\/2025\/11\/1920-X-1080-BLACKSWAN-4-1024x576.webp 1024w, https:\/\/blackswan.proclubagency.com\/wp-content\/uploads\/2025\/11\/1920-X-1080-BLACKSWAN-4-768x432.webp 768w, https:\/\/blackswan.proclubagency.com\/wp-content\/uploads\/2025\/11\/1920-X-1080-BLACKSWAN-4-1536x864.webp 1536w\" sizes=\"(max-width: 1920px) 100vw, 1920px\" \/><\/div><\/a>\n\t\t\t\t<div class=\"elementor-post__text\">\n\t\t\t\t<h3 class=\"elementor-post__title\">\n\t\t\t<a href=\"https:\/\/blackswan.proclubagency.com\/fr\/%e2%81%a0sexo-sin-alma-3\/\" >\n\t\t\t\t\u2060Sexo sin alma 3\t\t\t<\/a>\n\t\t<\/h3>\n\t\t\t\t<div class=\"elementor-post__excerpt\">\n\t\t\t<p>Una descarga intensa puede parecer suficiente, pero el sexo sin alma deja un eco fr\u00edo justo despu\u00e9s del placer. La qu\u00edmica sube r\u00e1pido, cae a\u00fan m\u00e1s r\u00e1pido y revela un vac\u00edo que no tiene que ver con el cuerpo, sino con la falta de conexi\u00f3n. El acto entretiene, pero no sostiene; solo la profundidad emocional transforma el impulso en algo que realmente llena.<\/p>\n\t\t<\/div>\n\t\t\n\t\t<a class=\"elementor-post__read-more\" href=\"https:\/\/blackswan.proclubagency.com\/fr\/%e2%81%a0sexo-sin-alma-3\/\" aria-label=\"Read more about \u2060Sexo sin alma 3\" tabindex=\"-1\" >\n\t\t\tLeer art\u00edculo \u00bb\t\t<\/a>\n\n\t\t\t\t<\/div>\n\t\t\t\t<div class=\"elementor-post__meta-data\">\n\t\t\t\t\t<span class=\"elementor-post-date\">\n\t\t\td\u00e9cembre 4, 2025\t\t<\/span>\n\t\t\t\t<\/div>\n\t\t\t\t\t<\/div>\n\t\t<\/article>\n\t\t\t\t<article class=\"elementor-post elementor-grid-item post-2515 post type-post status-publish format-standard has-post-thumbnail hentry category-uncategorized\" role=\"listitem\">\n\t\t\t<div class=\"elementor-post__card\">\n\t\t\t\t<a class=\"elementor-post__thumbnail__link\" href=\"https:\/\/blackswan.proclubagency.com\/fr\/%e2%81%a0sexo-sin-alma-4\/\" tabindex=\"-1\" ><div class=\"elementor-post__thumbnail\"><img decoding=\"async\" width=\"1920\" height=\"1080\" src=\"https:\/\/blackswan.proclubagency.com\/wp-content\/uploads\/2025\/11\/1920-X-1080-BLACKSWAN-4.webp\" class=\"attachment-full size-full wp-image-333\" alt=\"\" srcset=\"https:\/\/blackswan.proclubagency.com\/wp-content\/uploads\/2025\/11\/1920-X-1080-BLACKSWAN-4.webp 1920w, https:\/\/blackswan.proclubagency.com\/wp-content\/uploads\/2025\/11\/1920-X-1080-BLACKSWAN-4-300x169.webp 300w, https:\/\/blackswan.proclubagency.com\/wp-content\/uploads\/2025\/11\/1920-X-1080-BLACKSWAN-4-1024x576.webp 1024w, https:\/\/blackswan.proclubagency.com\/wp-content\/uploads\/2025\/11\/1920-X-1080-BLACKSWAN-4-768x432.webp 768w, https:\/\/blackswan.proclubagency.com\/wp-content\/uploads\/2025\/11\/1920-X-1080-BLACKSWAN-4-1536x864.webp 1536w\" sizes=\"(max-width: 1920px) 100vw, 1920px\" \/><\/div><\/a>\n\t\t\t\t<div class=\"elementor-post__text\">\n\t\t\t\t<h3 class=\"elementor-post__title\">\n\t\t\t<a href=\"https:\/\/blackswan.proclubagency.com\/fr\/%e2%81%a0sexo-sin-alma-4\/\" >\n\t\t\t\t\u2060Sexo sin alma 4\t\t\t<\/a>\n\t\t<\/h3>\n\t\t\t\t<div class=\"elementor-post__excerpt\">\n\t\t\t<p>Una descarga intensa puede parecer suficiente, pero el sexo sin alma deja un eco fr\u00edo justo despu\u00e9s del placer. La qu\u00edmica sube r\u00e1pido, cae a\u00fan m\u00e1s r\u00e1pido y revela un vac\u00edo que no tiene que ver con el cuerpo, sino con la falta de conexi\u00f3n. El acto entretiene, pero no sostiene; solo la profundidad emocional transforma el impulso en algo que realmente llena.<\/p>\n\t\t<\/div>\n\t\t\n\t\t<a class=\"elementor-post__read-more\" href=\"https:\/\/blackswan.proclubagency.com\/fr\/%e2%81%a0sexo-sin-alma-4\/\" aria-label=\"Read more about \u2060Sexo sin alma 4\" tabindex=\"-1\" >\n\t\t\tLeer art\u00edculo \u00bb\t\t<\/a>\n\n\t\t\t\t<\/div>\n\t\t\t\t<div class=\"elementor-post__meta-data\">\n\t\t\t\t\t<span class=\"elementor-post-date\">\n\t\t\td\u00e9cembre 4, 2025\t\t<\/span>\n\t\t\t\t<\/div>\n\t\t\t\t\t<\/div>\n\t\t<\/article>\n\t\t\t\t<article class=\"elementor-post elementor-grid-item post-2516 post type-post status-publish format-standard has-post-thumbnail hentry category-uncategorized\" role=\"listitem\">\n\t\t\t<div class=\"elementor-post__card\">\n\t\t\t\t<a class=\"elementor-post__thumbnail__link\" href=\"https:\/\/blackswan.proclubagency.com\/fr\/%e2%81%a0sexo-sin-alma-5\/\" tabindex=\"-1\" ><div class=\"elementor-post__thumbnail\"><img decoding=\"async\" width=\"1920\" height=\"1080\" src=\"https:\/\/blackswan.proclubagency.com\/wp-content\/uploads\/2025\/11\/1920-X-1080-BLACKSWAN-4.webp\" class=\"attachment-full size-full wp-image-333\" alt=\"\" srcset=\"https:\/\/blackswan.proclubagency.com\/wp-content\/uploads\/2025\/11\/1920-X-1080-BLACKSWAN-4.webp 1920w, https:\/\/blackswan.proclubagency.com\/wp-content\/uploads\/2025\/11\/1920-X-1080-BLACKSWAN-4-300x169.webp 300w, https:\/\/blackswan.proclubagency.com\/wp-content\/uploads\/2025\/11\/1920-X-1080-BLACKSWAN-4-1024x576.webp 1024w, https:\/\/blackswan.proclubagency.com\/wp-content\/uploads\/2025\/11\/1920-X-1080-BLACKSWAN-4-768x432.webp 768w, https:\/\/blackswan.proclubagency.com\/wp-content\/uploads\/2025\/11\/1920-X-1080-BLACKSWAN-4-1536x864.webp 1536w\" sizes=\"(max-width: 1920px) 100vw, 1920px\" \/><\/div><\/a>\n\t\t\t\t<div class=\"elementor-post__text\">\n\t\t\t\t<h3 class=\"elementor-post__title\">\n\t\t\t<a href=\"https:\/\/blackswan.proclubagency.com\/fr\/%e2%81%a0sexo-sin-alma-5\/\" >\n\t\t\t\t\u2060Sexo sin alma 5\t\t\t<\/a>\n\t\t<\/h3>\n\t\t\t\t<div class=\"elementor-post__excerpt\">\n\t\t\t<p>Una descarga intensa puede parecer suficiente, pero el sexo sin alma deja un eco fr\u00edo justo despu\u00e9s del placer. La qu\u00edmica sube r\u00e1pido, cae a\u00fan m\u00e1s r\u00e1pido y revela un vac\u00edo que no tiene que ver con el cuerpo, sino con la falta de conexi\u00f3n. El acto entretiene, pero no sostiene; solo la profundidad emocional transforma el impulso en algo que realmente llena.<\/p>\n\t\t<\/div>\n\t\t\n\t\t<a class=\"elementor-post__read-more\" href=\"https:\/\/blackswan.proclubagency.com\/fr\/%e2%81%a0sexo-sin-alma-5\/\" aria-label=\"Read more about \u2060Sexo sin alma 5\" tabindex=\"-1\" >\n\t\t\tLeer art\u00edculo \u00bb\t\t<\/a>\n\n\t\t\t\t<\/div>\n\t\t\t\t<div class=\"elementor-post__meta-data\">\n\t\t\t\t\t<span class=\"elementor-post-date\">\n\t\t\td\u00e9cembre 4, 2025\t\t<\/span>\n\t\t\t\t<\/div>\n\t\t\t\t\t<\/div>\n\t\t<\/article>\n\t\t\t\t<article class=\"elementor-post elementor-grid-item post-2522 post type-post status-publish format-standard has-post-thumbnail hentry category-uncategorized\" role=\"listitem\">\n\t\t\t<div class=\"elementor-post__card\">\n\t\t\t\t<a class=\"elementor-post__thumbnail__link\" href=\"https:\/\/blackswan.proclubagency.com\/fr\/%e2%81%a0sexo-sin-alma-6\/\" tabindex=\"-1\" ><div class=\"elementor-post__thumbnail\"><img decoding=\"async\" width=\"1920\" height=\"1080\" src=\"https:\/\/blackswan.proclubagency.com\/wp-content\/uploads\/2025\/11\/1920-X-1080-BLACKSWAN-4.webp\" class=\"attachment-full size-full wp-image-333\" alt=\"\" srcset=\"https:\/\/blackswan.proclubagency.com\/wp-content\/uploads\/2025\/11\/1920-X-1080-BLACKSWAN-4.webp 1920w, https:\/\/blackswan.proclubagency.com\/wp-content\/uploads\/2025\/11\/1920-X-1080-BLACKSWAN-4-300x169.webp 300w, https:\/\/blackswan.proclubagency.com\/wp-content\/uploads\/2025\/11\/1920-X-1080-BLACKSWAN-4-1024x576.webp 1024w, https:\/\/blackswan.proclubagency.com\/wp-content\/uploads\/2025\/11\/1920-X-1080-BLACKSWAN-4-768x432.webp 768w, https:\/\/blackswan.proclubagency.com\/wp-content\/uploads\/2025\/11\/1920-X-1080-BLACKSWAN-4-1536x864.webp 1536w\" sizes=\"(max-width: 1920px) 100vw, 1920px\" \/><\/div><\/a>\n\t\t\t\t<div class=\"elementor-post__text\">\n\t\t\t\t<h3 class=\"elementor-post__title\">\n\t\t\t<a href=\"https:\/\/blackswan.proclubagency.com\/fr\/%e2%81%a0sexo-sin-alma-6\/\" >\n\t\t\t\t\u2060Sexo sin alma 6\t\t\t<\/a>\n\t\t<\/h3>\n\t\t\t\t<div class=\"elementor-post__excerpt\">\n\t\t\t<p>Una descarga intensa puede parecer suficiente, pero el sexo sin alma deja un eco fr\u00edo justo despu\u00e9s del placer. La qu\u00edmica sube r\u00e1pido, cae a\u00fan m\u00e1s r\u00e1pido y revela un vac\u00edo que no tiene que ver con el cuerpo, sino con la falta de conexi\u00f3n. El acto entretiene, pero no sostiene; solo la profundidad emocional transforma el impulso en algo que realmente llena.<\/p>\n\t\t<\/div>\n\t\t\n\t\t<a class=\"elementor-post__read-more\" href=\"https:\/\/blackswan.proclubagency.com\/fr\/%e2%81%a0sexo-sin-alma-6\/\" aria-label=\"Read more about \u2060Sexo sin alma 6\" tabindex=\"-1\" >\n\t\t\tLeer art\u00edculo \u00bb\t\t<\/a>\n\n\t\t\t\t<\/div>\n\t\t\t\t<div class=\"elementor-post__meta-data\">\n\t\t\t\t\t<span class=\"elementor-post-date\">\n\t\t\td\u00e9cembre 4, 2025\t\t<\/span>\n\t\t\t\t<\/div>\n\t\t\t\t\t<\/div>\n\t\t<\/article>\n\t\t\t\t<\/div>\n\t\t\n\t\t\t\t<div class=\"e-load-more-anchor\" data-page=\"1\" data-max-page=\"2\" data-next-page=\"https:\/\/blackswan.proclubagency.com\/fr\/wp-json\/wp\/v2\/pages\/931\/page\/2\/\"><\/div>\n\t\t\t\t<nav class=\"elementor-pagination\" aria-label=\"Pagination\">\n\t\t\t<span aria-current=\"page\" class=\"page-numbers current\"><span class=\"elementor-screen-only\">Page<\/span>1<\/span>\n<a class=\"page-numbers\" href=\"https:\/\/blackswan.proclubagency.com\/fr\/wp-json\/wp\/v2\/pages\/931\/page\/2\/\"><span class=\"elementor-screen-only\">Page<\/span>2<\/a>\t\t<\/nav>\n\t\t\t\t\t\t<\/div>\n\t\t\t\t<\/div>\n\t\t<div class=\"elementor-element elementor-element-67ae8cd e-con-full e-flex e-con e-child\" data-id=\"67ae8cd\" data-element_type=\"container\" data-e-type=\"container\" data-settings=\"{&quot;background_background&quot;:&quot;classic&quot;,&quot;_ha_eqh_enable&quot;:false}\">\n\t\t<div class=\"elementor-element elementor-element-b0e63ce e-con-full e-flex e-con e-child\" data-id=\"b0e63ce\" data-element_type=\"container\" data-e-type=\"container\" data-settings=\"{&quot;background_background&quot;:&quot;classic&quot;,&quot;_ha_eqh_enable&quot;:false}\">\n\t\t\t\t<div class=\"elementor-element elementor-element-c00b303 elementor-widget elementor-widget-image\" data-id=\"c00b303\" data-element_type=\"widget\" data-e-type=\"widget\" data-widget_type=\"image.default\">\n\t\t\t\t\t\t\t\t\t\t\t\t\t\t\t<img decoding=\"async\" width=\"512\" height=\"512\" src=\"https:\/\/blackswan.proclubagency.com\/wp-content\/uploads\/2025\/11\/cropped-Diseno-sin-titulo-3.webp\" class=\"attachment-large size-large wp-image-1037\" alt=\"\" srcset=\"https:\/\/blackswan.proclubagency.com\/wp-content\/uploads\/2025\/11\/cropped-Diseno-sin-titulo-3.webp 512w, https:\/\/blackswan.proclubagency.com\/wp-content\/uploads\/2025\/11\/cropped-Diseno-sin-titulo-3-300x300.webp 300w, https:\/\/blackswan.proclubagency.com\/wp-content\/uploads\/2025\/11\/cropped-Diseno-sin-titulo-3-150x150.webp 150w, https:\/\/blackswan.proclubagency.com\/wp-content\/uploads\/2025\/11\/cropped-Diseno-sin-titulo-3-270x270.webp 270w, https:\/\/blackswan.proclubagency.com\/wp-content\/uploads\/2025\/11\/cropped-Diseno-sin-titulo-3-192x192.webp 192w, https:\/\/blackswan.proclubagency.com\/wp-content\/uploads\/2025\/11\/cropped-Diseno-sin-titulo-3-180x180.webp 180w, https:\/\/blackswan.proclubagency.com\/wp-content\/uploads\/2025\/11\/cropped-Diseno-sin-titulo-3-32x32.webp 32w\" sizes=\"(max-width: 512px) 100vw, 512px\" \/>\t\t\t\t\t\t\t\t\t\t\t\t\t\t\t<\/div>\n\t\t\t\t<\/div>\n\t\t<div class=\"elementor-element elementor-element-d49272f e-con-full e-flex e-con e-child\" data-id=\"d49272f\" data-element_type=\"container\" data-e-type=\"container\" data-settings=\"{&quot;background_background&quot;:&quot;classic&quot;,&quot;_ha_eqh_enable&quot;:false}\">\n\t\t\t\t<div class=\"elementor-element elementor-element-049f7e7 elementor-widget__width-initial elementor-widget elementor-widget-heading\" data-id=\"049f7e7\" data-element_type=\"widget\" data-e-type=\"widget\" data-widget_type=\"heading.default\">\n\t\t\t\t\t<h2 class=\"elementor-heading-title elementor-size-default\">Madame Swan<\/h2>\t\t\t\t<\/div>\n\t\t\t\t<div class=\"elementor-element elementor-element-29cfe52 elementor-widget elementor-widget-heading\" data-id=\"29cfe52\" data-element_type=\"widget\" data-e-type=\"widget\" data-widget_type=\"heading.default\">\n\t\t\t\t\t<h2 class=\"elementor-heading-title elementor-size-default\">Empresaria y especialista en mundo t\u00e1ntrico<\/h2>\t\t\t\t<\/div>\n\t\t\t\t<div class=\"elementor-element elementor-element-b449132 elementor-widget__width-initial elementor-widget elementor-widget-text-editor\" data-id=\"b449132\" data-element_type=\"widget\" data-e-type=\"widget\" data-widget_type=\"text-editor.default\">\n\t\t\t\t\t\t\t\t\t<h6 class=\"sr-only\">ChatGPT Plus<\/h6><div class=\"text-base my-auto mx-auto pb-10 [--thread-content-margin:--spacing(4)] thread-sm:[--thread-content-margin:--spacing(6)] thread-lg:[--thread-content-margin:--spacing(16)] px-(--thread-content-margin)\"><div class=\"[--thread-content-max-width:40rem] thread-lg:[--thread-content-max-width:48rem] mx-auto max-w-(--thread-content-max-width) flex-1 group\/turn-messages focus-visible:outline-hidden relative flex w-full min-w-0 flex-col agent-turn\" tabindex=\"-1\"><div class=\"flex max-w-full flex-col grow\"><div class=\"min-h-8 text-message relative flex w-full flex-col items-end gap-2 text-start break-words whitespace-normal [.text-message+&amp;]:mt-1\" dir=\"auto\" data-message-author-role=\"assistant\" data-message-id=\"8ef7657f-1190-46ce-80e5-e5dfeeeb50d2\" data-message-model-slug=\"gpt-5-1\"><div class=\"flex w-full flex-col gap-1 empty:hidden first:pt-[1px]\"><div class=\"markdown prose dark:prose-invert w-full break-words dark markdown-new-styling\"><p data-start=\"0\" data-end=\"234\" data-is-last-node=\"\" data-is-only-node=\"\">Empresaria argentina radicada en Suiza y especialista en masaje t\u00e1ntrico. Combina experiencia, sensibilidad y una visi\u00f3n profunda del bienestar para guiar a quienes buscan reconectar con su energ\u00eda, su cuerpo y su equilibrio interior.<\/p><\/div><\/div><\/div><\/div><\/div><\/div>\t\t\t\t\t\t\t\t<\/div>\n\t\t\t\t<\/div>\n\t\t\t\t<\/div>\n\t\t\t\t\t<\/div>\n\t\t\t\t<\/div>\n\t\t\t\t<\/div>","protected":false},"excerpt":{"rendered":"<p>Madame Swan Art\u00edculos de Blog Madame Swan Empresaria y especialista en mundo t\u00e1ntrico ChatGPT Plus Empresaria argentina radicada en Suiza y especialista en masaje t\u00e1ntrico. Combina experiencia, sensibilidad y una visi\u00f3n profunda del bienestar para guiar a quienes buscan reconectar con su energ\u00eda, su cuerpo y su equilibrio interior.<\/p>","protected":false},"author":1,"featured_media":0,"parent":0,"menu_order":0,"comment_status":"closed","ping_status":"closed","template":"elementor_header_footer","meta":{"footnotes":""},"class_list":["post-931","page","type-page","status-publish","hentry"],"_hostinger_reach_plugin_has_subscription_block":false,"_hostinger_reach_plugin_is_elementor":false,"_links":{"self":[{"href":"https:\/\/blackswan.proclubagency.com\/fr\/wp-json\/wp\/v2\/pages\/931","targetHints":{"allow":["GET"]}}],"collection":[{"href":"https:\/\/blackswan.proclubagency.com\/fr\/wp-json\/wp\/v2\/pages"}],"about":[{"href":"https:\/\/blackswan.proclubagency.com\/fr\/wp-json\/wp\/v2\/types\/page"}],"author":[{"embeddable":true,"href":"https:\/\/blackswan.proclubagency.com\/fr\/wp-json\/wp\/v2\/users\/1"}],"replies":[{"embeddable":true,"href":"https:\/\/blackswan.proclubagency.com\/fr\/wp-json\/wp\/v2\/comments?post=931"}],"version-history":[{"count":283,"href":"https:\/\/blackswan.proclubagency.com\/fr\/wp-json\/wp\/v2\/pages\/931\/revisions"}],"predecessor-version":[{"id":2483,"href":"https:\/\/blackswan.proclubagency.com\/fr\/wp-json\/wp\/v2\/pages\/931\/revisions\/2483"}],"wp:attachment":[{"href":"https:\/\/blackswan.proclubagency.com\/fr\/wp-json\/wp\/v2\/media?parent=931"}],"curies":[{"name":"wp","href":"https:\/\/api.w.org\/{rel}","templated":true}]}}