{"id":3482,"date":"2025-12-18T13:16:09","date_gmt":"2025-12-18T13:16:09","guid":{"rendered":"https:\/\/blackswan.proclubagency.com\/?page_id=3482"},"modified":"2025-12-20T12:10:01","modified_gmt":"2025-12-20T12:10:01","slug":"la-maison-under","status":"publish","type":"page","link":"https:\/\/blackswan.proclubagency.com\/fr\/la-maison-under\/","title":{"rendered":"La Maison Under Construction"},"content":{"rendered":"<div data-elementor-type=\"wp-page\" data-elementor-id=\"3482\" class=\"elementor elementor-3482\" data-elementor-settings=\"{&quot;ha_cmc_init_switcher&quot;:&quot;no&quot;}\" data-elementor-post-type=\"page\">\n\t\t\t\t<div class=\"elementor-element elementor-element-6042d81 e-flex e-con-boxed e-con e-parent\" data-id=\"6042d81\" data-element_type=\"container\" data-e-type=\"container\" data-settings=\"{&quot;background_background&quot;:&quot;classic&quot;,&quot;_ha_eqh_enable&quot;:false}\">\n\t\t\t\t\t<div class=\"e-con-inner\">\n\t\t<div class=\"elementor-element elementor-element-1022279 e-con-full e-flex e-con e-child\" data-id=\"1022279\" data-element_type=\"container\" data-e-type=\"container\" data-settings=\"{&quot;_ha_eqh_enable&quot;:false}\">\n\t\t\t\t<div class=\"elementor-element elementor-element-be43f5c elementor-widget elementor-widget-heading\" data-id=\"be43f5c\" data-element_type=\"widget\" data-e-type=\"widget\" data-widget_type=\"heading.default\">\n\t\t\t\t\t<h1 class=\"elementor-heading-title elementor-size-default\">La Maison<\/h1>\t\t\t\t<\/div>\n\t\t\t\t<div class=\"elementor-element elementor-element-2f8ba28 elementor-widget__width-initial elementor-widget elementor-widget-heading\" data-id=\"2f8ba28\" data-element_type=\"widget\" data-e-type=\"widget\" data-widget_type=\"heading.default\">\n\t\t\t\t\t<h2 class=\"elementor-heading-title elementor-size-default\">Actualmente en proceso de redecoraci\u00f3n, La Maison se prepara para recibir a nuestros \ninvitados en un universo inspirado en la elegancia vibrante de los a\u00f1os 20. Un espacio m\u00e1s \namplio, pensado para veladas excepcionales donde el esp\u00edritu del jazz, el arte y la noche \nvolver\u00e1n a renacer con una nueva identidad Black Swan.\n<\/h2>\t\t\t\t<\/div>\n\t\t\t\t<div class=\"elementor-element elementor-element-65ef8fe elementor-widget__width-initial elementor-widget elementor-widget-image\" data-id=\"65ef8fe\" data-element_type=\"widget\" data-e-type=\"widget\" data-widget_type=\"image.default\">\n\t\t\t\t\t\t\t\t\t\t\t\t\t\t\t<img fetchpriority=\"high\" decoding=\"async\" width=\"800\" height=\"158\" src=\"https:\/\/blackswan.proclubagency.com\/wp-content\/uploads\/2025\/11\/Diseno-sin-titulo-8-1024x202.webp\" class=\"attachment-large size-large wp-image-844\" alt=\"\" srcset=\"https:\/\/blackswan.proclubagency.com\/wp-content\/uploads\/2025\/11\/Diseno-sin-titulo-8-1024x202.webp 1024w, https:\/\/blackswan.proclubagency.com\/wp-content\/uploads\/2025\/11\/Diseno-sin-titulo-8-300x59.webp 300w, https:\/\/blackswan.proclubagency.com\/wp-content\/uploads\/2025\/11\/Diseno-sin-titulo-8-768x151.webp 768w, https:\/\/blackswan.proclubagency.com\/wp-content\/uploads\/2025\/11\/Diseno-sin-titulo-8-1536x302.webp 1536w, https:\/\/blackswan.proclubagency.com\/wp-content\/uploads\/2025\/11\/Diseno-sin-titulo-8.webp 1920w\" sizes=\"(max-width: 800px) 100vw, 800px\" \/>\t\t\t\t\t\t\t\t\t\t\t\t\t\t\t<\/div>\n\t\t\t\t<div class=\"elementor-element elementor-element-f63fc90 elementor-widget elementor-widget-heading\" data-id=\"f63fc90\" data-element_type=\"widget\" data-e-type=\"widget\" data-widget_type=\"heading.default\">\n\t\t\t\t\t<h2 class=\"elementor-heading-title elementor-size-default\">Coming Soon<\/h2>\t\t\t\t<\/div>\n\t\t\t\t<\/div>\n\t\t\t\t\t<\/div>\n\t\t\t\t<\/div>\n\t\t\t\t<\/div>","protected":false},"excerpt":{"rendered":"<p>La Maison Actualmente en proceso de redecoraci\u00f3n, La Maison se prepara para recibir a nuestros invitados en un universo inspirado en la elegancia vibrante de los a\u00f1os 20. Un espacio m\u00e1s amplio, pensado para veladas excepcionales donde el esp\u00edritu del jazz, el arte y la noche volver\u00e1n a renacer con una nueva identidad Black Swan. [&hellip;]<\/p>","protected":false},"author":1,"featured_media":0,"parent":0,"menu_order":0,"comment_status":"closed","ping_status":"closed","template":"elementor_canvas","meta":{"footnotes":""},"class_list":["post-3482","page","type-page","status-publish","hentry"],"_hostinger_reach_plugin_has_subscription_block":false,"_hostinger_reach_plugin_is_elementor":false,"_links":{"self":[{"href":"https:\/\/blackswan.proclubagency.com\/fr\/wp-json\/wp\/v2\/pages\/3482","targetHints":{"allow":["GET"]}}],"collection":[{"href":"https:\/\/blackswan.proclubagency.com\/fr\/wp-json\/wp\/v2\/pages"}],"about":[{"href":"https:\/\/blackswan.proclubagency.com\/fr\/wp-json\/wp\/v2\/types\/page"}],"author":[{"embeddable":true,"href":"https:\/\/blackswan.proclubagency.com\/fr\/wp-json\/wp\/v2\/users\/1"}],"replies":[{"embeddable":true,"href":"https:\/\/blackswan.proclubagency.com\/fr\/wp-json\/wp\/v2\/comments?post=3482"}],"version-history":[{"count":16,"href":"https:\/\/blackswan.proclubagency.com\/fr\/wp-json\/wp\/v2\/pages\/3482\/revisions"}],"predecessor-version":[{"id":3672,"href":"https:\/\/blackswan.proclubagency.com\/fr\/wp-json\/wp\/v2\/pages\/3482\/revisions\/3672"}],"wp:attachment":[{"href":"https:\/\/blackswan.proclubagency.com\/fr\/wp-json\/wp\/v2\/media?parent=3482"}],"curies":[{"name":"wp","href":"https:\/\/api.w.org\/{rel}","templated":true}]}}