{"id":3098,"date":"2025-12-17T20:13:26","date_gmt":"2025-12-17T20:13:26","guid":{"rendered":"https:\/\/blackswan.proclubagency.com\/?page_id=3098"},"modified":"2025-12-18T19:18:09","modified_gmt":"2025-12-18T19:18:09","slug":"formulario-reserva-chambre","status":"publish","type":"page","link":"https:\/\/blackswan.proclubagency.com\/en\/formulario-reserva-chambre\/","title":{"rendered":"FORMULARIO RESERVA CHAMBRE"},"content":{"rendered":"<div data-elementor-type=\"wp-page\" data-elementor-id=\"3098\" class=\"elementor elementor-3098\" data-elementor-settings=\"{&quot;ha_cmc_init_switcher&quot;:&quot;no&quot;}\" data-elementor-post-type=\"page\">\n\t\t\t\t<div class=\"elementor-element elementor-element-a03b06f e-flex e-con-boxed e-con e-parent\" data-id=\"a03b06f\" data-element_type=\"container\" data-e-type=\"container\" data-settings=\"{&quot;background_background&quot;:&quot;classic&quot;,&quot;_ha_eqh_enable&quot;:false}\">\n\t\t\t\t\t<div class=\"e-con-inner\">\n\t\t\t\t<div class=\"elementor-element elementor-element-9ef7091 elementor-widget elementor-widget-heading\" data-id=\"9ef7091\" data-element_type=\"widget\" data-e-type=\"widget\" data-widget_type=\"heading.default\">\n\t\t\t\t\t<h1 class=\"elementor-heading-title elementor-size-default\">Solicitud La Chambre<\/h1>\t\t\t\t<\/div>\n\t\t\t\t<div class=\"elementor-element elementor-element-9a3c0f4 elementor-widget__width-initial elementor-widget elementor-widget-image\" data-id=\"9a3c0f4\" data-element_type=\"widget\" data-e-type=\"widget\" data-widget_type=\"image.default\">\n\t\t\t\t\t\t\t\t\t\t\t\t\t\t\t<img fetchpriority=\"high\" decoding=\"async\" width=\"800\" height=\"158\" src=\"https:\/\/blackswan.proclubagency.com\/wp-content\/uploads\/2025\/11\/Diseno-sin-titulo-8-1024x202.webp\" class=\"attachment-large size-large wp-image-844\" alt=\"\" srcset=\"https:\/\/blackswan.proclubagency.com\/wp-content\/uploads\/2025\/11\/Diseno-sin-titulo-8-1024x202.webp 1024w, https:\/\/blackswan.proclubagency.com\/wp-content\/uploads\/2025\/11\/Diseno-sin-titulo-8-300x59.webp 300w, https:\/\/blackswan.proclubagency.com\/wp-content\/uploads\/2025\/11\/Diseno-sin-titulo-8-768x151.webp 768w, https:\/\/blackswan.proclubagency.com\/wp-content\/uploads\/2025\/11\/Diseno-sin-titulo-8-1536x302.webp 1536w, https:\/\/blackswan.proclubagency.com\/wp-content\/uploads\/2025\/11\/Diseno-sin-titulo-8.webp 1920w\" sizes=\"(max-width: 800px) 100vw, 800px\" \/>\t\t\t\t\t\t\t\t\t\t\t\t\t\t\t<\/div>\n\t\t\t\t\t<\/div>\n\t\t\t\t<\/div>\n\t\t<div class=\"elementor-element elementor-element-746edf4 e-flex e-con-boxed e-con e-parent\" data-id=\"746edf4\" data-element_type=\"container\" data-e-type=\"container\" data-settings=\"{&quot;background_background&quot;:&quot;classic&quot;,&quot;_ha_eqh_enable&quot;:false}\">\n\t\t\t\t\t<div class=\"e-con-inner\">\n\t\t\t\t<div class=\"elementor-element elementor-element-f97fce9 elementor-widget__width-initial elementor-widget elementor-widget-heading\" data-id=\"f97fce9\" data-element_type=\"widget\" data-e-type=\"widget\" data-widget_type=\"heading.default\">\n\t\t\t\t\t<h2 class=\"elementor-heading-title elementor-size-default\">Rellena el cuestionario y nos pondremos en contacto con usted<\/h2>\t\t\t\t<\/div>\n\t\t\t\t<div class=\"elementor-element elementor-element-872f176 elementor-widget__width-initial elementor-button-align-stretch elementor-widget elementor-widget-form\" data-id=\"872f176\" data-element_type=\"widget\" data-e-type=\"widget\" data-settings=\"{&quot;step_next_label&quot;:&quot;Siguiente&quot;,&quot;step_previous_label&quot;:&quot;Anterior&quot;,&quot;button_width&quot;:&quot;100&quot;,&quot;step_type&quot;:&quot;number_text&quot;,&quot;step_icon_shape&quot;:&quot;circle&quot;}\" data-widget_type=\"form.default\">\n\t\t\t\t\t\t\t<form class=\"elementor-form\" method=\"post\" name=\"Formulario de Invitados\" aria-label=\"Formulario de Invitados\" action=\"\">\n\t\t\t<input type=\"hidden\" name=\"post_id\" value=\"3098\"\/>\n\t\t\t<input type=\"hidden\" name=\"form_id\" value=\"872f176\"\/>\n\t\t\t<input type=\"hidden\" name=\"referer_title\" value=\"FORMULARIO RESERVA CHAMBRE\" \/>\n\n\t\t\t\t\t\t\t<input type=\"hidden\" name=\"queried_id\" value=\"3098\"\/>\n\t\t\t\n\t\t\t<div class=\"elementor-form-fields-wrapper elementor-labels-above\">\n\t\t\t\t\t\t\t\t<div class=\"elementor-field-type-step elementor-field-group elementor-column elementor-field-group-field_6987e4c elementor-col-100\">\n\t\t\t\t\t\t\t<div class=\"e-field-step elementor-hidden\" data-label=\"\" data-previousbutton=\"\" data-nextbutton=\"\" data-iconurl=\"\" data-iconlibrary=\"fas fa-star\" data-icon=\"&lt;svg class=&quot;e-font-icon-svg e-fas-star&quot; viewBox=&quot;0 0 576 512&quot; xmlns=&quot;http:\/\/www.w3.org\/2000\/svg&quot;&gt;&lt;path d=&quot;M259.3 17.8L194 150.2 47.9 171.5c-26.2 3.8-36.7 36.1-17.7 54.6l105.7 103-25 145.5c-4.5 26.3 23.2 46 46.4 33.7L288 439.6l130.7 68.7c23.2 12.2 50.9-7.4 46.4-33.7l-25-145.5 105.7-103c19-18.5 8.5-50.8-17.7-54.6L382 150.2 316.7 17.8c-11.7-23.6-45.6-23.9-57.4 0z&quot;&gt;&lt;\/path&gt;&lt;\/svg&gt;\" ><\/div>\n\n\t\t\t\t\t\t<\/div>\n\t\t\t\t\t\t\t\t<div class=\"elementor-field-type-text elementor-field-group elementor-column elementor-field-group-name elementor-col-100 elementor-field-required\">\n\t\t\t\t\t\t\t\t\t\t\t\t<label for=\"form-field-name\" class=\"elementor-field-label\">\n\t\t\t\t\t\t\t\t1. Nombre Completo  o Pseud\u00f3nimo\t\t\t\t\t\t\t<\/label>\n\t\t\t\t\t\t\t\t\t\t\t\t\t\t<input size=\"1\" type=\"text\" name=\"form_fields[name]\" id=\"form-field-name\" class=\"elementor-field elementor-size-sm  elementor-field-textual\" placeholder=\"Nombre o Pseud\u00f3nimo\" required=\"required\">\n\t\t\t\t\t\t\t\t\t\t\t<\/div>\n\t\t\t\t\t\t\t\t<div class=\"elementor-field-type-email elementor-field-group elementor-column elementor-field-group-email elementor-col-100 elementor-field-required\">\n\t\t\t\t\t\t\t\t\t\t\t\t<label for=\"form-field-email\" class=\"elementor-field-label\">\n\t\t\t\t\t\t\t\t2. Correo Electr\u00f3nico\t\t\t\t\t\t\t<\/label>\n\t\t\t\t\t\t\t\t\t\t\t\t\t\t<input size=\"1\" type=\"email\" name=\"form_fields[email]\" id=\"form-field-email\" class=\"elementor-field elementor-size-sm  elementor-field-textual\" placeholder=\"Email\" required=\"required\">\n\t\t\t\t\t\t\t\t\t\t\t<\/div>\n\t\t\t\t\t\t\t\t<div class=\"elementor-field-type-radio elementor-field-group elementor-column elementor-field-group-field_3ce5ffd elementor-col-100 elementor-field-required\">\n\t\t\t\t\t\t\t\t\t\t\t\t<label for=\"form-field-field_3ce5ffd\" class=\"elementor-field-label\">\n\t\t\t\t\t\t\t\t3. \u00bfDESEA RESERVAR LA CHAMBRE CON ACOMPA\u00d1ANTE?\t\t\t\t\t\t\t<\/label>\n\t\t\t\t\t\t<div class=\"elementor-field-subgroup\"><span class=\"elementor-field-option\"><input type=\"radio\" value=\"Si \" id=\"form-field-field_3ce5ffd-0\" name=\"form_fields[field_3ce5ffd]\" required=\"required\"> <label for=\"form-field-field_3ce5ffd-0\">Si <\/label><\/span><span class=\"elementor-field-option\"><input type=\"radio\" value=\"No\" id=\"form-field-field_3ce5ffd-1\" name=\"form_fields[field_3ce5ffd]\" required=\"required\"> <label for=\"form-field-field_3ce5ffd-1\">No<\/label><\/span><\/div>\t\t\t\t<\/div>\n\t\t\t\t\t\t\t\t<div class=\"elementor-field-type-step elementor-field-group elementor-column elementor-field-group-field_60f711f elementor-col-100\">\n\t\t\t\t\t\t\t<div class=\"e-field-step elementor-hidden\" data-label=\"\" data-previousbutton=\"\" data-nextbutton=\"\" data-iconurl=\"\" data-iconlibrary=\"fas fa-star\" data-icon=\"&lt;svg class=&quot;e-font-icon-svg e-fas-star&quot; viewBox=&quot;0 0 576 512&quot; xmlns=&quot;http:\/\/www.w3.org\/2000\/svg&quot;&gt;&lt;path d=&quot;M259.3 17.8L194 150.2 47.9 171.5c-26.2 3.8-36.7 36.1-17.7 54.6l105.7 103-25 145.5c-4.5 26.3 23.2 46 46.4 33.7L288 439.6l130.7 68.7c23.2 12.2 50.9-7.4 46.4-33.7l-25-145.5 105.7-103c19-18.5 8.5-50.8-17.7-54.6L382 150.2 316.7 17.8c-11.7-23.6-45.6-23.9-57.4 0z&quot;&gt;&lt;\/path&gt;&lt;\/svg&gt;\" ><\/div>\n\n\t\t\t\t\t\t<\/div>\n\t\t\t\t\t\t\t\t<div class=\"elementor-field-type-radio elementor-field-group elementor-column elementor-field-group-field_d2706e1 elementor-col-100 elementor-field-required\">\n\t\t\t\t\t\t\t\t\t\t\t\t<label for=\"form-field-field_d2706e1\" class=\"elementor-field-label\">\n\t\t\t\t\t\t\t\t4. Motivo principal de la reserva\t\t\t\t\t\t\t<\/label>\n\t\t\t\t\t\t<div class=\"elementor-field-subgroup\"><span class=\"elementor-field-option\"><input type=\"radio\" value=\" Vivir una experiencia \u00edntima y discreta\" id=\"form-field-field_d2706e1-0\" name=\"form_fields[field_d2706e1]\" required=\"required\"> <label for=\"form-field-field_d2706e1-0\"> Vivir una experiencia \u00edntima y discreta<\/label><\/span><span class=\"elementor-field-option\"><input type=\"radio\" value=\"Celebraci\u00f3n personal (cumplea\u00f1os, aniversario, reencuentro, etc.)\" id=\"form-field-field_d2706e1-1\" name=\"form_fields[field_d2706e1]\" required=\"required\"> <label for=\"form-field-field_d2706e1-1\">Celebraci\u00f3n personal (cumplea\u00f1os, aniversario, reencuentro, etc.)<\/label><\/span><span class=\"elementor-field-option\"><input type=\"radio\" value=\"Encuentro significativo con alguien especial\" id=\"form-field-field_d2706e1-2\" name=\"form_fields[field_d2706e1]\" required=\"required\"> <label for=\"form-field-field_d2706e1-2\">Encuentro significativo con alguien especial<\/label><\/span><span class=\"elementor-field-option\"><input type=\"radio\" value=\"Sesi\u00f3n privada (creativa, art\u00edstica, fotogr\u00e1fica, etc.)\" id=\"form-field-field_d2706e1-3\" name=\"form_fields[field_d2706e1]\" required=\"required\"> <label for=\"form-field-field_d2706e1-3\">Sesi\u00f3n privada (creativa, art\u00edstica, fotogr\u00e1fica, etc.)<\/label><\/span><span class=\"elementor-field-option\"><input type=\"radio\" value=\"Necesidad de desconexi\u00f3n y privacidad absoluta\" id=\"form-field-field_d2706e1-4\" name=\"form_fields[field_d2706e1]\" required=\"required\"> <label for=\"form-field-field_d2706e1-4\">Necesidad de desconexi\u00f3n y privacidad absoluta<\/label><\/span><span class=\"elementor-field-option\"><input type=\"radio\" value=\"Otro (especificar)\" id=\"form-field-field_d2706e1-5\" name=\"form_fields[field_d2706e1]\" required=\"required\"> <label for=\"form-field-field_d2706e1-5\">Otro (especificar)<\/label><\/span><\/div>\t\t\t\t<\/div>\n\t\t\t\t\t\t\t\t<div class=\"elementor-field-type-text elementor-field-group elementor-column elementor-field-group-field_04e404d elementor-col-100\">\n\t\t\t\t\t\t\t\t\t\t\t\t<label for=\"form-field-field_04e404d\" class=\"elementor-field-label\">\n\t\t\t\t\t\t\t\t4.1. Especifica aqu\u00ed\t\t\t\t\t\t\t<\/label>\n\t\t\t\t\t\t\t\t\t\t\t\t\t\t<input size=\"1\" type=\"text\" name=\"form_fields[field_04e404d]\" id=\"form-field-field_04e404d\" class=\"elementor-field elementor-size-sm  elementor-field-textual\" placeholder=\"Especificar\">\n\t\t\t\t\t\t\t\t\t\t\t<\/div>\n\t\t\t\t\t\t\t\t<div class=\"elementor-field-type-step elementor-field-group elementor-column elementor-field-group-field_f7a35dc elementor-col-100\">\n\t\t\t\t\t\t\t<div class=\"e-field-step elementor-hidden\" data-label=\"\" data-previousbutton=\"\" data-nextbutton=\"\" data-iconurl=\"\" data-iconlibrary=\"fas fa-star\" data-icon=\"&lt;svg class=&quot;e-font-icon-svg e-fas-star&quot; viewBox=&quot;0 0 576 512&quot; xmlns=&quot;http:\/\/www.w3.org\/2000\/svg&quot;&gt;&lt;path d=&quot;M259.3 17.8L194 150.2 47.9 171.5c-26.2 3.8-36.7 36.1-17.7 54.6l105.7 103-25 145.5c-4.5 26.3 23.2 46 46.4 33.7L288 439.6l130.7 68.7c23.2 12.2 50.9-7.4 46.4-33.7l-25-145.5 105.7-103c19-18.5 8.5-50.8-17.7-54.6L382 150.2 316.7 17.8c-11.7-23.6-45.6-23.9-57.4 0z&quot;&gt;&lt;\/path&gt;&lt;\/svg&gt;\" ><\/div>\n\n\t\t\t\t\t\t<\/div>\n\t\t\t\t\t\t\t\t<div class=\"elementor-field-type-radio elementor-field-group elementor-column elementor-field-group-field_9b177ac elementor-col-100 elementor-field-required\">\n\t\t\t\t\t\t\t\t\t\t\t\t<label for=\"form-field-field_9b177ac\" class=\"elementor-field-label\">\n\t\t\t\t\t\t\t\t5. DURACI\u00d3N APROXIMADA DESEADA\t\t\t\t\t\t\t<\/label>\n\t\t\t\t\t\t<div class=\"elementor-field-subgroup\"><span class=\"elementor-field-option\"><input type=\"radio\" value=\" 2 horas\" id=\"form-field-field_9b177ac-0\" name=\"form_fields[field_9b177ac]\" required=\"required\"> <label for=\"form-field-field_9b177ac-0\"> 2 horas<\/label><\/span><span class=\"elementor-field-option\"><input type=\"radio\" value=\"3-4 horas\" id=\"form-field-field_9b177ac-1\" name=\"form_fields[field_9b177ac]\" required=\"required\"> <label for=\"form-field-field_9b177ac-1\">3-4 horas<\/label><\/span><span class=\"elementor-field-option\"><input type=\"radio\" value=\"Media noche\" id=\"form-field-field_9b177ac-2\" name=\"form_fields[field_9b177ac]\" required=\"required\"> <label for=\"form-field-field_9b177ac-2\">Media noche<\/label><\/span><span class=\"elementor-field-option\"><input type=\"radio\" value=\"Noche completa\" id=\"form-field-field_9b177ac-3\" name=\"form_fields[field_9b177ac]\" required=\"required\"> <label for=\"form-field-field_9b177ac-3\">Noche completa<\/label><\/span><span class=\"elementor-field-option\"><input type=\"radio\" value=\"Otro (especificar)\" id=\"form-field-field_9b177ac-4\" name=\"form_fields[field_9b177ac]\" required=\"required\"> <label for=\"form-field-field_9b177ac-4\">Otro (especificar)<\/label><\/span><\/div>\t\t\t\t<\/div>\n\t\t\t\t\t\t\t\t<div class=\"elementor-field-type-text elementor-field-group elementor-column elementor-field-group-field_ef8cc elementor-col-100\">\n\t\t\t\t\t\t\t\t\t\t\t\t<label for=\"form-field-field_ef8cc\" class=\"elementor-field-label\">\n\t\t\t\t\t\t\t\t6.1. Especifica aqu\u00ed\t\t\t\t\t\t\t<\/label>\n\t\t\t\t\t\t\t\t\t\t\t\t\t\t<input size=\"1\" type=\"text\" name=\"form_fields[field_ef8cc]\" id=\"form-field-field_ef8cc\" class=\"elementor-field elementor-size-sm  elementor-field-textual\" placeholder=\"Especificar\">\n\t\t\t\t\t\t\t\t\t\t\t<\/div>\n\t\t\t\t\t\t\t\t<div class=\"elementor-field-type-text elementor-field-group elementor-column elementor-field-group-field_edbb138 elementor-col-100 elementor-field-required\">\n\t\t\t\t\t\t\t\t\t\t\t\t<label for=\"form-field-field_edbb138\" class=\"elementor-field-label\">\n\t\t\t\t\t\t\t\t7. FECHA  Y HORA DE INTER\u00c9S \t\t\t\t\t\t\t<\/label>\n\t\t\t\t\t\t\t\t\t\t\t\t\t\t<input size=\"1\" type=\"text\" name=\"form_fields[field_edbb138]\" id=\"form-field-field_edbb138\" class=\"elementor-field elementor-size-sm  elementor-field-textual\" required=\"required\">\n\t\t\t\t\t\t\t\t\t\t\t<\/div>\n\t\t\t\t\t\t\t\t<div class=\"elementor-field-type-step elementor-field-group elementor-column elementor-field-group-field_79e6fee elementor-col-100\">\n\t\t\t\t\t\t\t<div class=\"e-field-step elementor-hidden\" data-label=\"\" data-previousbutton=\"\" data-nextbutton=\"\" data-iconurl=\"\" data-iconlibrary=\"fas fa-star\" data-icon=\"&lt;svg class=&quot;e-font-icon-svg e-fas-star&quot; viewBox=&quot;0 0 576 512&quot; xmlns=&quot;http:\/\/www.w3.org\/2000\/svg&quot;&gt;&lt;path d=&quot;M259.3 17.8L194 150.2 47.9 171.5c-26.2 3.8-36.7 36.1-17.7 54.6l105.7 103-25 145.5c-4.5 26.3 23.2 46 46.4 33.7L288 439.6l130.7 68.7c23.2 12.2 50.9-7.4 46.4-33.7l-25-145.5 105.7-103c19-18.5 8.5-50.8-17.7-54.6L382 150.2 316.7 17.8c-11.7-23.6-45.6-23.9-57.4 0z&quot;&gt;&lt;\/path&gt;&lt;\/svg&gt;\" ><\/div>\n\n\t\t\t\t\t\t<\/div>\n\t\t\t\t\t\t\t\t<div class=\"elementor-field-type-radio elementor-field-group elementor-column elementor-field-group-field_6aaac6f elementor-col-100 elementor-field-required\">\n\t\t\t\t\t\t\t\t\t\t\t\t<label for=\"form-field-field_6aaac6f\" class=\"elementor-field-label\">\n\t\t\t\t\t\t\t\t8. \u00bfQu\u00e9 elementos son importantes para su experiencia?\t\t\t\t\t\t\t<\/label>\n\t\t\t\t\t\t<div class=\"elementor-field-subgroup\"><span class=\"elementor-field-option\"><input type=\"radio\" value=\"Iluminaci\u00f3n a velas\" id=\"form-field-field_6aaac6f-0\" name=\"form_fields[field_6aaac6f]\" required=\"required\"> <label for=\"form-field-field_6aaac6f-0\">Iluminaci\u00f3n a velas<\/label><\/span><span class=\"elementor-field-option\"><input type=\"radio\" value=\"M\u00fasica suave de fondo\" id=\"form-field-field_6aaac6f-1\" name=\"form_fields[field_6aaac6f]\" required=\"required\"> <label for=\"form-field-field_6aaac6f-1\">M\u00fasica suave de fondo<\/label><\/span><span class=\"elementor-field-option\"><input type=\"radio\" value=\"Silencio absoluto\" id=\"form-field-field_6aaac6f-2\" name=\"form_fields[field_6aaac6f]\" required=\"required\"> <label for=\"form-field-field_6aaac6f-2\">Silencio absoluto<\/label><\/span><span class=\"elementor-field-option\"><input type=\"radio\" value=\"Cama preparada con velos y detalles especiales\" id=\"form-field-field_6aaac6f-3\" name=\"form_fields[field_6aaac6f]\" required=\"required\"> <label for=\"form-field-field_6aaac6f-3\">Cama preparada con velos y detalles especiales<\/label><\/span><span class=\"elementor-field-option\"><input type=\"radio\" value=\"Champagne \/ vinos \/ whisky\" id=\"form-field-field_6aaac6f-4\" name=\"form_fields[field_6aaac6f]\" required=\"required\"> <label for=\"form-field-field_6aaac6f-4\">Champagne \/ vinos \/ whisky<\/label><\/span><span class=\"elementor-field-option\"><input type=\"radio\" value=\"Cigarros\" id=\"form-field-field_6aaac6f-5\" name=\"form_fields[field_6aaac6f]\" required=\"required\"> <label for=\"form-field-field_6aaac6f-5\">Cigarros<\/label><\/span><span class=\"elementor-field-option\"><input type=\"radio\" value=\"Privacidad total sin interrupciones\" id=\"form-field-field_6aaac6f-6\" name=\"form_fields[field_6aaac6f]\" required=\"required\"> <label for=\"form-field-field_6aaac6f-6\">Privacidad total sin interrupciones<\/label><\/span><span class=\"elementor-field-option\"><input type=\"radio\" value=\"Otro (especificar)\" id=\"form-field-field_6aaac6f-7\" name=\"form_fields[field_6aaac6f]\" required=\"required\"> <label for=\"form-field-field_6aaac6f-7\">Otro (especificar)<\/label><\/span><\/div>\t\t\t\t<\/div>\n\t\t\t\t\t\t\t\t<div class=\"elementor-field-type-text elementor-field-group elementor-column elementor-field-group-field_268c94e elementor-col-100\">\n\t\t\t\t\t\t\t\t\t\t\t\t<label for=\"form-field-field_268c94e\" class=\"elementor-field-label\">\n\t\t\t\t\t\t\t\t8.1. Especifica aqu\u00ed\t\t\t\t\t\t\t<\/label>\n\t\t\t\t\t\t\t\t\t\t\t\t\t\t<input size=\"1\" type=\"text\" name=\"form_fields[field_268c94e]\" id=\"form-field-field_268c94e\" class=\"elementor-field elementor-size-sm  elementor-field-textual\" placeholder=\"Especificar\">\n\t\t\t\t\t\t\t\t\t\t\t<\/div>\n\t\t\t\t\t\t\t\t<div class=\"elementor-field-type-step elementor-field-group elementor-column elementor-field-group-field_23c3435 elementor-col-100\">\n\t\t\t\t\t\t\t<div class=\"e-field-step elementor-hidden\" data-label=\"\" data-previousbutton=\"\" data-nextbutton=\"\" data-iconurl=\"\" data-iconlibrary=\"fas fa-star\" data-icon=\"&lt;svg class=&quot;e-font-icon-svg e-fas-star&quot; viewBox=&quot;0 0 576 512&quot; xmlns=&quot;http:\/\/www.w3.org\/2000\/svg&quot;&gt;&lt;path d=&quot;M259.3 17.8L194 150.2 47.9 171.5c-26.2 3.8-36.7 36.1-17.7 54.6l105.7 103-25 145.5c-4.5 26.3 23.2 46 46.4 33.7L288 439.6l130.7 68.7c23.2 12.2 50.9-7.4 46.4-33.7l-25-145.5 105.7-103c19-18.5 8.5-50.8-17.7-54.6L382 150.2 316.7 17.8c-11.7-23.6-45.6-23.9-57.4 0z&quot;&gt;&lt;\/path&gt;&lt;\/svg&gt;\" ><\/div>\n\n\t\t\t\t\t\t<\/div>\n\t\t\t\t\t\t\t\t<div class=\"elementor-field-type-textarea elementor-field-group elementor-column elementor-field-group-field_34823a9 elementor-col-100 elementor-field-required\">\n\t\t\t\t\t\t\t\t\t\t\t\t<label for=\"form-field-field_34823a9\" class=\"elementor-field-label\">\n\t\t\t\t\t\t\t\t9. Indique cualquier detalle, preferencia o necesidad particular que desee que Madame Swan  tome en cuenta\t\t\t\t\t\t\t<\/label>\n\t\t\t\t\t\t<textarea class=\"elementor-field-textual elementor-field  elementor-size-sm\" name=\"form_fields[field_34823a9]\" id=\"form-field-field_34823a9\" rows=\"4\" required=\"required\"><\/textarea>\t\t\t\t<\/div>\n\t\t\t\t\t\t\t\t<div class=\"elementor-field-type-acceptance elementor-field-group elementor-column elementor-field-group-field_5ff7644 elementor-col-100\">\n\t\t\t\t\t\t\t<div class=\"elementor-field-subgroup\">\n\t\t\t<span class=\"elementor-field-option\">\n\t\t\t\t<input type=\"checkbox\" name=\"form_fields[field_5ff7644]\" id=\"form-field-field_5ff7644\" class=\"elementor-field elementor-size-sm  elementor-acceptance-field\">\n\t\t\t\t<label for=\"form-field-field_5ff7644\">10. Confirmo que acepto las condiciones de confidencialidad y la discrecci\u00f3n que exige la Soci\u00e9t\u00e9 asi como seguir las indicaciones de Madame Swan para la reserva.\n\n<a href=\"https:\/\/blackswan.proclubagency.com\/en\/condiciones-la-chambre\/\">Puedes consultar todas las condiciones aqu\u00ed<\/a><\/label>\t\t\t<\/span>\n\t\t<\/div>\n\t\t\t\t\t\t<\/div>\n\t\t\t\t\t\t\t\t<div class=\"elementor-field-group elementor-column elementor-field-type-submit elementor-col-100 e-form__buttons\">\n\t\t\t\t\t<button class=\"elementor-button elementor-size-sm\" type=\"submit\">\n\t\t\t\t\t\t<span class=\"elementor-button-content-wrapper\">\n\t\t\t\t\t\t\t\t\t\t\t\t\t\t\t\t\t\t\t\t\t\t<span class=\"elementor-button-text\">Enviar Solicitud<\/span>\n\t\t\t\t\t\t\t\t\t\t\t\t\t<\/span>\n\t\t\t\t\t<\/button>\n\t\t\t\t<\/div>\n\t\t\t<\/div>\n\t\t<input type=\"hidden\" name=\"trp-form-language\" value=\"en\"\/><\/form>\n\t\t\t\t\t\t<\/div>\n\t\t\t\t\t<\/div>\n\t\t\t\t<\/div>\n\t\t\t\t<\/div>","protected":false},"excerpt":{"rendered":"<p>Solicitud La Chambre Rellena el cuestionario y nos pondremos en contacto con usted<\/p>","protected":false},"author":1,"featured_media":0,"parent":0,"menu_order":0,"comment_status":"closed","ping_status":"closed","template":"elementor_canvas","meta":{"footnotes":""},"class_list":["post-3098","page","type-page","status-publish","hentry"],"_hostinger_reach_plugin_has_subscription_block":false,"_hostinger_reach_plugin_is_elementor":false,"_links":{"self":[{"href":"https:\/\/blackswan.proclubagency.com\/en\/wp-json\/wp\/v2\/pages\/3098","targetHints":{"allow":["GET"]}}],"collection":[{"href":"https:\/\/blackswan.proclubagency.com\/en\/wp-json\/wp\/v2\/pages"}],"about":[{"href":"https:\/\/blackswan.proclubagency.com\/en\/wp-json\/wp\/v2\/types\/page"}],"author":[{"embeddable":true,"href":"https:\/\/blackswan.proclubagency.com\/en\/wp-json\/wp\/v2\/users\/1"}],"replies":[{"embeddable":true,"href":"https:\/\/blackswan.proclubagency.com\/en\/wp-json\/wp\/v2\/comments?post=3098"}],"version-history":[{"count":55,"href":"https:\/\/blackswan.proclubagency.com\/en\/wp-json\/wp\/v2\/pages\/3098\/revisions"}],"predecessor-version":[{"id":3568,"href":"https:\/\/blackswan.proclubagency.com\/en\/wp-json\/wp\/v2\/pages\/3098\/revisions\/3568"}],"wp:attachment":[{"href":"https:\/\/blackswan.proclubagency.com\/en\/wp-json\/wp\/v2\/media?parent=3098"}],"curies":[{"name":"wp","href":"https:\/\/api.w.org\/{rel}","templated":true}]}}