{"id":3466,"date":"2025-12-18T13:09:10","date_gmt":"2025-12-18T13:09:10","guid":{"rendered":"https:\/\/blackswan.proclubagency.com\/?page_id=3466"},"modified":"2025-12-18T13:09:36","modified_gmt":"2025-12-18T13:09:36","slug":"condiciones-le-salons","status":"publish","type":"page","link":"https:\/\/blackswan.proclubagency.com\/de\/condiciones-le-salons\/","title":{"rendered":"Condiciones de reserva y cancelaci\u00f3n le salons"},"content":{"rendered":"<div data-elementor-type=\"wp-page\" data-elementor-id=\"3466\" class=\"elementor elementor-3466\" data-elementor-settings=\"{&quot;ha_cmc_init_switcher&quot;:&quot;no&quot;}\" data-elementor-post-type=\"page\">\n\t\t\t\t<div class=\"elementor-element elementor-element-7b5a829 e-con-full e-flex e-con e-parent\" data-id=\"7b5a829\" data-element_type=\"container\" data-e-type=\"container\" data-settings=\"{&quot;background_background&quot;:&quot;classic&quot;,&quot;_ha_eqh_enable&quot;:false}\">\n\t\t<div class=\"elementor-element elementor-element-e5fa453 e-con-full e-flex e-con e-child\" data-id=\"e5fa453\" data-element_type=\"container\" data-e-type=\"container\" data-settings=\"{&quot;_ha_eqh_enable&quot;:false}\">\n\t\t\t\t<div class=\"elementor-element elementor-element-87d7bb1 elementor-widget elementor-widget-heading\" data-id=\"87d7bb1\" data-element_type=\"widget\" data-e-type=\"widget\" data-widget_type=\"heading.default\">\n\t\t\t\t\t<h2 class=\"elementor-heading-title elementor-size-default\">LE SALONS - BLACK SWAN SOCI\u00c9T\u00c9<\/h2>\t\t\t\t<\/div>\n\t\t\t\t<div class=\"elementor-element elementor-element-38c6546 elementor-widget elementor-widget-heading\" data-id=\"38c6546\" data-element_type=\"widget\" data-e-type=\"widget\" data-widget_type=\"heading.default\">\n\t\t\t\t\t<h2 class=\"elementor-heading-title elementor-size-default\">CONDICIONES DE RESERVA, ACCESO Y CANCELACI\u00d3N<\/h2>\t\t\t\t<\/div>\n\t\t\t\t<div class=\"elementor-element elementor-element-b68b92d elementor-widget-laptop__width-initial elementor-widget elementor-widget-text-editor\" data-id=\"b68b92d\" data-element_type=\"widget\" data-e-type=\"widget\" data-widget_type=\"text-editor.default\">\n\t\t\t\t\t\t\t\t\t<h3 data-start=\"375\" data-end=\"404\">Naturaleza de Le Salons<\/h3><p data-start=\"405\" data-end=\"697\">Le Salons son encuentros privados organizados por Black Swan Soci\u00e9t\u00e9 como espacios de reuni\u00f3n selecta, conversaci\u00f3n cuidada y presencia compartida. Se conciben como veladas sociales de car\u00e1cter reservado, donde la atm\u00f3sfera, la calidad humana y la discreci\u00f3n constituyen elementos esenciales.<\/p><p data-start=\"699\" data-end=\"900\">Le Salons no son eventos p\u00fablicos ni actividades abiertas al libre acceso. La participaci\u00f3n est\u00e1 limitada a un n\u00famero reducido de asistentes y sujeta a criterios de selecci\u00f3n definidos por la sociedad.<\/p><p data-start=\"902\" data-end=\"1085\">La asistencia a Le Salons no implica la promesa de experiencias, relaciones o resultados espec\u00edficos. Cada encuentro es \u00fanico y depende de la interacci\u00f3n natural entre los asistentes.<\/p><hr data-start=\"1087\" data-end=\"1090\" \/><h3 data-start=\"1092\" data-end=\"1120\">Condiciones de reserva<\/h3><p data-start=\"1121\" data-end=\"1388\">La reserva para Le Salons se realiza exclusivamente mediante solicitud previa a trav\u00e9s de los canales habilitados por Black Swan Soci\u00e9t\u00e9. Toda solicitud constituye una petici\u00f3n de acceso y queda sujeta a validaci\u00f3n y confirmaci\u00f3n expresa por parte de la organizaci\u00f3n.<\/p><p data-start=\"1390\" data-end=\"1597\">Black Swan Soci\u00e9t\u00e9 se reserva el derecho de aceptar o rechazar cualquier solicitud sin necesidad de motivar su decisi\u00f3n, con el objetivo de preservar la coherencia, la seguridad y la atm\u00f3sfera del encuentro.<\/p><p data-start=\"1599\" data-end=\"1771\">La confirmaci\u00f3n de la reserva ser\u00e1 comunicada por escrito e incluir\u00e1 la informaci\u00f3n relativa a fecha, horario, duraci\u00f3n y condiciones espec\u00edficas del sal\u00f3n correspondiente.<\/p><p data-start=\"1773\" data-end=\"1900\">Las reservas son personales e intransferibles. No est\u00e1 permitida la cesi\u00f3n de la plaza ni el acceso de personas no autorizadas.<\/p><hr data-start=\"1902\" data-end=\"1905\" \/><h3 data-start=\"1907\" data-end=\"1934\">Condiciones de acceso<\/h3><p data-start=\"1935\" data-end=\"2093\">El acceso a Le Salons est\u00e1 limitado exclusivamente a las personas confirmadas en la reserva. No se permitir\u00e1 la entrada a terceros no comunicados previamente.<\/p><p data-start=\"2095\" data-end=\"2387\">Los asistentes deber\u00e1n mantener en todo momento una conducta respetuosa, discreta y acorde con el esp\u00edritu de la sociedad. No se tolerar\u00e1n comportamientos que alteren la atm\u00f3sfera del encuentro, vulneren la privacidad de otros asistentes o incumplan las normas internas de Black Swan Soci\u00e9t\u00e9.<\/p><p data-start=\"2389\" data-end=\"2558\">La organizaci\u00f3n se reserva el derecho de denegar o interrumpir el acceso a cualquier asistente que no respete estas condiciones, sin que ello genere derecho a reembolso.<\/p><hr data-start=\"2560\" data-end=\"2563\" \/><h3 data-start=\"2565\" data-end=\"2609\">Uso del espacio y normas de discreci\u00f3n<\/h3><p data-start=\"2610\" data-end=\"2763\">Le Salons se desarrollan en espacios cuidadosamente preparados para favorecer la conversaci\u00f3n, la presencia y el intercambio social en un entorno \u00edntimo.<\/p><p data-start=\"2765\" data-end=\"3020\">Est\u00e1 estrictamente prohibido realizar grabaciones de audio, v\u00eddeo o fotograf\u00eda sin autorizaci\u00f3n expresa. Asimismo, no est\u00e1 permitida la difusi\u00f3n de informaci\u00f3n, im\u00e1genes o detalles relativos a los asistentes, conversaciones o desarrollo de los encuentros.<\/p><p data-start=\"3022\" data-end=\"3135\">El respeto a la confidencialidad forma parte esencial de la experiencia y de la pertenencia a Black Swan Soci\u00e9t\u00e9.<\/p><hr data-start=\"3137\" data-end=\"3140\" \/><h3 data-start=\"3142\" data-end=\"3174\">Condiciones de cancelaci\u00f3n<\/h3><p data-start=\"3175\" data-end=\"3424\">Las cancelaciones deber\u00e1n comunicarse dentro del plazo indicado en el momento de la confirmaci\u00f3n de la reserva. En caso de cancelaci\u00f3n fuera de dicho plazo, Black Swan Soci\u00e9t\u00e9 se reserva el derecho de retener total o parcialmente el importe abonado.<\/p><p data-start=\"3426\" data-end=\"3544\">La no asistencia al encuentro, sin previo aviso, se considerar\u00e1 como cancelaci\u00f3n tard\u00eda y no dar\u00e1 derecho a reembolso.<\/p><p data-start=\"3546\" data-end=\"3770\">Black Swan Soci\u00e9t\u00e9 se reserva el derecho de cancelar o modificar un sal\u00f3n por razones organizativas, de seguridad o de fuerza mayor. En estos casos, se ofrecer\u00e1 una reprogramaci\u00f3n o, en su caso, el reembolso correspondiente.<\/p><hr data-start=\"3772\" data-end=\"3775\" \/><h3 data-start=\"3777\" data-end=\"3798\">Responsabilidad<\/h3><p data-start=\"3799\" data-end=\"4045\">La asistencia a Le Salons se realiza bajo la responsabilidad del asistente autorizado. Black Swan Soci\u00e9t\u00e9 no se hace responsable de objetos personales ni de consecuencias derivadas de interacciones entre asistentes fuera del \u00e1mbito del encuentro.<\/p><p data-start=\"4047\" data-end=\"4184\">La organizaci\u00f3n no asume responsabilidad por expectativas personales no cumplidas, dado el car\u00e1cter subjetivo y social de la experiencia.<\/p><hr data-start=\"4186\" data-end=\"4189\" \/><h3 data-start=\"4191\" data-end=\"4226\">Aceptaci\u00f3n de las condiciones<\/h3><p data-start=\"4227\" data-end=\"4469\">La solicitud, reserva y acceso a Le Salons implican la aceptaci\u00f3n \u00edntegra de las presentes condiciones. Black Swan Soci\u00e9t\u00e9 se reserva el derecho de modificarlas en cualquier momento, siendo aplicables las vigentes en la fecha de cada reserva.<\/p>\t\t\t\t\t\t\t\t<\/div>\n\t\t\t\t<\/div>\n\t\t\t\t<\/div>\n\t\t\t\t<\/div>","protected":false},"excerpt":{"rendered":"<p>LE SALONS &#8211; BLACK SWAN SOCI\u00c9T\u00c9 CONDICIONES DE RESERVA, ACCESO Y CANCELACI\u00d3N Naturaleza de Le Salons Le Salons son encuentros privados organizados por Black Swan Soci\u00e9t\u00e9 como espacios de reuni\u00f3n selecta, conversaci\u00f3n cuidada y presencia compartida. Se conciben como veladas sociales de car\u00e1cter reservado, donde la atm\u00f3sfera, la calidad humana y la discreci\u00f3n constituyen elementos [&hellip;]<\/p>","protected":false},"author":1,"featured_media":0,"parent":0,"menu_order":0,"comment_status":"closed","ping_status":"closed","template":"elementor_header_footer","meta":{"footnotes":""},"class_list":["post-3466","page","type-page","status-publish","hentry"],"_hostinger_reach_plugin_has_subscription_block":false,"_hostinger_reach_plugin_is_elementor":false,"_links":{"self":[{"href":"https:\/\/blackswan.proclubagency.com\/de\/wp-json\/wp\/v2\/pages\/3466","targetHints":{"allow":["GET"]}}],"collection":[{"href":"https:\/\/blackswan.proclubagency.com\/de\/wp-json\/wp\/v2\/pages"}],"about":[{"href":"https:\/\/blackswan.proclubagency.com\/de\/wp-json\/wp\/v2\/types\/page"}],"author":[{"embeddable":true,"href":"https:\/\/blackswan.proclubagency.com\/de\/wp-json\/wp\/v2\/users\/1"}],"replies":[{"embeddable":true,"href":"https:\/\/blackswan.proclubagency.com\/de\/wp-json\/wp\/v2\/comments?post=3466"}],"version-history":[{"count":4,"href":"https:\/\/blackswan.proclubagency.com\/de\/wp-json\/wp\/v2\/pages\/3466\/revisions"}],"predecessor-version":[{"id":3470,"href":"https:\/\/blackswan.proclubagency.com\/de\/wp-json\/wp\/v2\/pages\/3466\/revisions\/3470"}],"wp:attachment":[{"href":"https:\/\/blackswan.proclubagency.com\/de\/wp-json\/wp\/v2\/media?parent=3466"}],"curies":[{"name":"wp","href":"https:\/\/api.w.org\/{rel}","templated":true}]}}