{"id":3100,"date":"2025-12-17T20:13:45","date_gmt":"2025-12-17T20:13:45","guid":{"rendered":"https:\/\/blackswan.proclubagency.com\/?page_id=3100"},"modified":"2025-12-20T11:45:01","modified_gmt":"2025-12-20T11:45:01","slug":"chambre","status":"publish","type":"page","link":"https:\/\/blackswan.proclubagency.com\/de\/chambre\/","title":{"rendered":"La Chambre"},"content":{"rendered":"<div data-elementor-type=\"wp-page\" data-elementor-id=\"3100\" class=\"elementor elementor-3100\" data-elementor-settings=\"{&quot;ha_cmc_init_switcher&quot;:&quot;no&quot;}\" data-elementor-post-type=\"page\">\n\t\t\t\t<div class=\"elementor-element elementor-element-8bcb255 e-flex e-con-boxed e-con e-parent\" data-id=\"8bcb255\" data-element_type=\"container\" data-e-type=\"container\" data-settings=\"{&quot;background_background&quot;:&quot;classic&quot;,&quot;_ha_eqh_enable&quot;:false}\">\n\t\t\t\t\t<div class=\"e-con-inner\">\n\t\t\t\t<div class=\"elementor-element elementor-element-c9b9637 elementor-widget elementor-widget-heading\" data-id=\"c9b9637\" data-element_type=\"widget\" data-e-type=\"widget\" data-widget_type=\"heading.default\">\n\t\t\t\t\t<h1 class=\"elementor-heading-title elementor-size-default\">La Chambre<\/h1>\t\t\t\t<\/div>\n\t\t\t\t<div class=\"elementor-element elementor-element-1c4f82b elementor-widget__width-initial elementor-widget elementor-widget-image\" data-id=\"1c4f82b\" data-element_type=\"widget\" data-e-type=\"widget\" data-widget_type=\"image.default\">\n\t\t\t\t\t\t\t\t\t\t\t\t\t\t\t<img fetchpriority=\"high\" decoding=\"async\" width=\"800\" height=\"158\" src=\"https:\/\/blackswan.proclubagency.com\/wp-content\/uploads\/2025\/11\/Diseno-sin-titulo-8-1024x202.webp\" class=\"attachment-large size-large wp-image-844\" alt=\"\" srcset=\"https:\/\/blackswan.proclubagency.com\/wp-content\/uploads\/2025\/11\/Diseno-sin-titulo-8-1024x202.webp 1024w, https:\/\/blackswan.proclubagency.com\/wp-content\/uploads\/2025\/11\/Diseno-sin-titulo-8-300x59.webp 300w, https:\/\/blackswan.proclubagency.com\/wp-content\/uploads\/2025\/11\/Diseno-sin-titulo-8-768x151.webp 768w, https:\/\/blackswan.proclubagency.com\/wp-content\/uploads\/2025\/11\/Diseno-sin-titulo-8-1536x302.webp 1536w, https:\/\/blackswan.proclubagency.com\/wp-content\/uploads\/2025\/11\/Diseno-sin-titulo-8.webp 1920w\" sizes=\"(max-width: 800px) 100vw, 800px\" \/>\t\t\t\t\t\t\t\t\t\t\t\t\t\t\t<\/div>\n\t\t\t\t\t<\/div>\n\t\t\t\t<\/div>\n\t\t<div class=\"elementor-element elementor-element-0bec6f8 e-flex e-con-boxed e-con e-parent\" data-id=\"0bec6f8\" data-element_type=\"container\" data-e-type=\"container\" data-settings=\"{&quot;background_background&quot;:&quot;classic&quot;,&quot;_ha_eqh_enable&quot;:false}\">\n\t\t\t\t\t<div class=\"e-con-inner\">\n\t\t<div class=\"elementor-element elementor-element-9111a49 e-con-full e-flex e-con e-child\" data-id=\"9111a49\" data-element_type=\"container\" data-e-type=\"container\" data-settings=\"{&quot;_ha_eqh_enable&quot;:false}\">\n\t\t<div class=\"elementor-element elementor-element-20c98da e-con-full e-flex e-con e-child\" data-id=\"20c98da\" data-element_type=\"container\" data-e-type=\"container\" data-settings=\"{&quot;_ha_eqh_enable&quot;:false}\">\n\t\t<div class=\"elementor-element elementor-element-3a6e5c4 e-con-full e-flex e-con e-child\" data-id=\"3a6e5c4\" data-element_type=\"container\" data-e-type=\"container\" data-settings=\"{&quot;_ha_eqh_enable&quot;:false}\">\n\t\t\t\t<div class=\"elementor-element elementor-element-a244408 elementor-widget elementor-widget-image\" data-id=\"a244408\" data-element_type=\"widget\" data-e-type=\"widget\" data-widget_type=\"image.default\">\n\t\t\t\t\t\t\t\t\t\t\t\t\t\t\t<img decoding=\"async\" width=\"800\" height=\"800\" src=\"https:\/\/blackswan.proclubagency.com\/wp-content\/uploads\/2025\/11\/Diseno-sin-titulo-36-1024x1024.webp\" class=\"attachment-large size-large wp-image-107\" alt=\"\" srcset=\"https:\/\/blackswan.proclubagency.com\/wp-content\/uploads\/2025\/11\/Diseno-sin-titulo-36-1024x1024.webp 1024w, https:\/\/blackswan.proclubagency.com\/wp-content\/uploads\/2025\/11\/Diseno-sin-titulo-36-300x300.webp 300w, https:\/\/blackswan.proclubagency.com\/wp-content\/uploads\/2025\/11\/Diseno-sin-titulo-36-150x150.webp 150w, https:\/\/blackswan.proclubagency.com\/wp-content\/uploads\/2025\/11\/Diseno-sin-titulo-36-768x768.webp 768w, https:\/\/blackswan.proclubagency.com\/wp-content\/uploads\/2025\/11\/Diseno-sin-titulo-36.webp 1080w\" sizes=\"(max-width: 800px) 100vw, 800px\" \/>\t\t\t\t\t\t\t\t\t\t\t\t\t\t\t<\/div>\n\t\t\t\t<\/div>\n\t\t<div class=\"elementor-element elementor-element-bd8e3e5 e-con-full e-flex e-con e-child\" data-id=\"bd8e3e5\" data-element_type=\"container\" data-e-type=\"container\" data-settings=\"{&quot;_ha_eqh_enable&quot;:false}\">\n\t\t\t\t<div class=\"elementor-element elementor-element-17510f1 elementor-widget__width-initial elementor-widget elementor-widget-heading\" data-id=\"17510f1\" data-element_type=\"widget\" data-e-type=\"widget\" data-widget_type=\"heading.default\">\n\t\t\t\t\t<h2 class=\"elementor-heading-title elementor-size-default\">La Chambre es el refugio donde la intimidad adquiere otra dimensi\u00f3n.\n<\/h2>\t\t\t\t<\/div>\n\t\t\t\t<div class=\"elementor-element elementor-element-00a29da elementor-widget__width-initial elementor-widget elementor-widget-text-editor\" data-id=\"00a29da\" data-element_type=\"widget\" data-e-type=\"widget\" data-widget_type=\"text-editor.default\">\n\t\t\t\t\t\t\t\t\t<p>Entre paredes bord\u00f3, detalles dorados y un techo negro que envuelve la mirada, el espacio respira un aire de cabaret barroco: velas encendidas, texturas suaves, velos que caen sobre una <br \/>cama amplia y una atm\u00f3sfera que invita a detener el tiempo.<\/p><p>Aqu\u00ed, nuestros invitados encuentran un lugar para momentos que requieren privacidad absoluta: conversaciones que no pueden darse en otro sitio, conexiones que necesitan calma, <br \/>deseos que prefieren la penumbra.<\/p><p>Con ba\u00f1o y cocina integrados, La Chambre est\u00e1 pensada para quienes buscan una experiencia completa, discreta y profundamente personal.<\/p><p><em><strong>Un santuario oculto, creado para vivir la noche de una forma m\u00e1s \u00edntima, m\u00e1s lenta\u2026 y completamente inolvidable.<\/strong><\/em><\/p>\t\t\t\t\t\t\t\t<\/div>\n\t\t\t\t<div class=\"elementor-element elementor-element-61b0aa6 elementor-align-left elementor-widget elementor-widget-button\" data-id=\"61b0aa6\" data-element_type=\"widget\" data-e-type=\"widget\" data-widget_type=\"button.default\">\n\t\t\t\t\t\t\t\t\t\t<a class=\"elementor-button elementor-button-link elementor-size-sm\" href=\"https:\/\/blackswan.proclubagency.com\/de\/formulario-reserva-chambre\/\">\n\t\t\t\t\t\t<span class=\"elementor-button-content-wrapper\">\n\t\t\t\t\t\t\t\t\t<span class=\"elementor-button-text\">RESERVA LA CHAMBRE<\/span>\n\t\t\t\t\t<\/span>\n\t\t\t\t\t<\/a>\n\t\t\t\t\t\t\t\t<\/div>\n\t\t\t\t<\/div>\n\t\t\t\t<\/div>\n\t\t<div class=\"elementor-element elementor-element-8c95040 e-con-full e-flex e-con e-child\" data-id=\"8c95040\" data-element_type=\"container\" data-e-type=\"container\" data-settings=\"{&quot;_ha_eqh_enable&quot;:false}\">\n\t\t\t\t<div class=\"elementor-element elementor-element-deffca7 elementor-widget elementor-widget-gallery\" data-id=\"deffca7\" data-element_type=\"widget\" data-e-type=\"widget\" data-settings=\"{&quot;gap&quot;:{&quot;unit&quot;:&quot;px&quot;,&quot;size&quot;:20,&quot;sizes&quot;:[]},&quot;aspect_ratio&quot;:&quot;4:3&quot;,&quot;lazyload&quot;:&quot;yes&quot;,&quot;gallery_layout&quot;:&quot;grid&quot;,&quot;columns&quot;:4,&quot;columns_tablet&quot;:2,&quot;columns_mobile&quot;:1,&quot;gap_laptop&quot;:{&quot;unit&quot;:&quot;px&quot;,&quot;size&quot;:10,&quot;sizes&quot;:[]},&quot;gap_tablet&quot;:{&quot;unit&quot;:&quot;px&quot;,&quot;size&quot;:10,&quot;sizes&quot;:[]},&quot;gap_mobile&quot;:{&quot;unit&quot;:&quot;px&quot;,&quot;size&quot;:10,&quot;sizes&quot;:[]},&quot;link_to&quot;:&quot;file&quot;,&quot;overlay_background&quot;:&quot;yes&quot;,&quot;content_hover_animation&quot;:&quot;fade-in&quot;}\" data-widget_type=\"gallery.default\">\n\t\t\t\t\t\t\t<div class=\"elementor-gallery__container\">\n\t\t\t\t\t\t\t<a class=\"e-gallery-item elementor-gallery-item elementor-animated-content\" href=\"https:\/\/blackswan.proclubagency.com\/wp-content\/uploads\/2025\/11\/Copia-de-450-X-500-BlackSwan.webp\" data-elementor-open-lightbox=\"yes\" data-elementor-lightbox-slideshow=\"deffca7\" data-elementor-lightbox-title=\"Copia de 450 X 500 BlackSwan\" data-e-action-hash=\"#elementor-action%3Aaction%3Dlightbox%26settings%3DeyJpZCI6NDQwLCJ1cmwiOiJodHRwczpcL1wvYmxhY2tzd2FuLnByb2NsdWJhZ2VuY3kuY29tXC93cC1jb250ZW50XC91cGxvYWRzXC8yMDI1XC8xMVwvQ29waWEtZGUtNDUwLVgtNTAwLUJsYWNrU3dhbi53ZWJwIiwic2xpZGVzaG93IjoiZGVmZmNhNyJ9\">\n\t\t\t\t\t<div class=\"e-gallery-image elementor-gallery-item__image\" data-thumbnail=\"https:\/\/blackswan.proclubagency.com\/wp-content\/uploads\/2025\/11\/Copia-de-450-X-500-BlackSwan.webp\" data-width=\"450\" data-height=\"500\" aria-label=\"\" role=\"img\" ><\/div>\n\t\t\t\t\t\t\t\t\t\t\t<div class=\"elementor-gallery-item__overlay\"><\/div>\n\t\t\t\t\t\t\t\t\t\t\t\t\t\t<\/a>\n\t\t\t\t\t\t\t<a class=\"e-gallery-item elementor-gallery-item elementor-animated-content\" href=\"https:\/\/blackswan.proclubagency.com\/wp-content\/uploads\/2025\/11\/Copia-de-450-X-500-BlackSwan-1.webp\" data-elementor-open-lightbox=\"yes\" data-elementor-lightbox-slideshow=\"deffca7\" data-elementor-lightbox-title=\"Copia de 450 X 500 BlackSwan (1)\" data-e-action-hash=\"#elementor-action%3Aaction%3Dlightbox%26settings%3DeyJpZCI6NDQxLCJ1cmwiOiJodHRwczpcL1wvYmxhY2tzd2FuLnByb2NsdWJhZ2VuY3kuY29tXC93cC1jb250ZW50XC91cGxvYWRzXC8yMDI1XC8xMVwvQ29waWEtZGUtNDUwLVgtNTAwLUJsYWNrU3dhbi0xLndlYnAiLCJzbGlkZXNob3ciOiJkZWZmY2E3In0%3D\">\n\t\t\t\t\t<div class=\"e-gallery-image elementor-gallery-item__image\" data-thumbnail=\"https:\/\/blackswan.proclubagency.com\/wp-content\/uploads\/2025\/11\/Copia-de-450-X-500-BlackSwan-1.webp\" data-width=\"450\" data-height=\"500\" aria-label=\"\" role=\"img\" ><\/div>\n\t\t\t\t\t\t\t\t\t\t\t<div class=\"elementor-gallery-item__overlay\"><\/div>\n\t\t\t\t\t\t\t\t\t\t\t\t\t\t<\/a>\n\t\t\t\t\t\t\t<a class=\"e-gallery-item elementor-gallery-item elementor-animated-content\" href=\"https:\/\/blackswan.proclubagency.com\/wp-content\/uploads\/2025\/11\/Copia-de-450-X-500-BlackSwan-2.webp\" data-elementor-open-lightbox=\"yes\" data-elementor-lightbox-slideshow=\"deffca7\" data-elementor-lightbox-title=\"Copia de 450 X 500 BlackSwan (2)\" data-e-action-hash=\"#elementor-action%3Aaction%3Dlightbox%26settings%3DeyJpZCI6NDQyLCJ1cmwiOiJodHRwczpcL1wvYmxhY2tzd2FuLnByb2NsdWJhZ2VuY3kuY29tXC93cC1jb250ZW50XC91cGxvYWRzXC8yMDI1XC8xMVwvQ29waWEtZGUtNDUwLVgtNTAwLUJsYWNrU3dhbi0yLndlYnAiLCJzbGlkZXNob3ciOiJkZWZmY2E3In0%3D\">\n\t\t\t\t\t<div class=\"e-gallery-image elementor-gallery-item__image\" data-thumbnail=\"https:\/\/blackswan.proclubagency.com\/wp-content\/uploads\/2025\/11\/Copia-de-450-X-500-BlackSwan-2.webp\" data-width=\"450\" data-height=\"500\" aria-label=\"\" role=\"img\" ><\/div>\n\t\t\t\t\t\t\t\t\t\t\t<div class=\"elementor-gallery-item__overlay\"><\/div>\n\t\t\t\t\t\t\t\t\t\t\t\t\t\t<\/a>\n\t\t\t\t\t\t\t<a class=\"e-gallery-item elementor-gallery-item elementor-animated-content\" href=\"https:\/\/blackswan.proclubagency.com\/wp-content\/uploads\/2025\/11\/Copia-de-450-X-500-BlackSwan-3.webp\" data-elementor-open-lightbox=\"yes\" data-elementor-lightbox-slideshow=\"deffca7\" data-elementor-lightbox-title=\"Copia de 450 X 500 BlackSwan (3)\" data-e-action-hash=\"#elementor-action%3Aaction%3Dlightbox%26settings%3DeyJpZCI6NDQzLCJ1cmwiOiJodHRwczpcL1wvYmxhY2tzd2FuLnByb2NsdWJhZ2VuY3kuY29tXC93cC1jb250ZW50XC91cGxvYWRzXC8yMDI1XC8xMVwvQ29waWEtZGUtNDUwLVgtNTAwLUJsYWNrU3dhbi0zLndlYnAiLCJzbGlkZXNob3ciOiJkZWZmY2E3In0%3D\">\n\t\t\t\t\t<div class=\"e-gallery-image elementor-gallery-item__image\" data-thumbnail=\"https:\/\/blackswan.proclubagency.com\/wp-content\/uploads\/2025\/11\/Copia-de-450-X-500-BlackSwan-3.webp\" data-width=\"450\" data-height=\"500\" aria-label=\"\" role=\"img\" ><\/div>\n\t\t\t\t\t\t\t\t\t\t\t<div class=\"elementor-gallery-item__overlay\"><\/div>\n\t\t\t\t\t\t\t\t\t\t\t\t\t\t<\/a>\n\t\t\t\t\t\t\t<a class=\"e-gallery-item elementor-gallery-item elementor-animated-content\" href=\"https:\/\/blackswan.proclubagency.com\/wp-content\/uploads\/2025\/11\/Copia-de-450-X-500-BlackSwan-4.webp\" data-elementor-open-lightbox=\"yes\" data-elementor-lightbox-slideshow=\"deffca7\" data-elementor-lightbox-title=\"Copia de 450 X 500 BlackSwan (4)\" data-e-action-hash=\"#elementor-action%3Aaction%3Dlightbox%26settings%3DeyJpZCI6NDQ0LCJ1cmwiOiJodHRwczpcL1wvYmxhY2tzd2FuLnByb2NsdWJhZ2VuY3kuY29tXC93cC1jb250ZW50XC91cGxvYWRzXC8yMDI1XC8xMVwvQ29waWEtZGUtNDUwLVgtNTAwLUJsYWNrU3dhbi00LndlYnAiLCJzbGlkZXNob3ciOiJkZWZmY2E3In0%3D\">\n\t\t\t\t\t<div class=\"e-gallery-image elementor-gallery-item__image\" data-thumbnail=\"https:\/\/blackswan.proclubagency.com\/wp-content\/uploads\/2025\/11\/Copia-de-450-X-500-BlackSwan-4.webp\" data-width=\"450\" data-height=\"500\" aria-label=\"\" role=\"img\" ><\/div>\n\t\t\t\t\t\t\t\t\t\t\t<div class=\"elementor-gallery-item__overlay\"><\/div>\n\t\t\t\t\t\t\t\t\t\t\t\t\t\t<\/a>\n\t\t\t\t\t\t\t<a class=\"e-gallery-item elementor-gallery-item elementor-animated-content\" href=\"https:\/\/blackswan.proclubagency.com\/wp-content\/uploads\/2025\/11\/Copia-de-450-X-500-BlackSwan-5.webp\" data-elementor-open-lightbox=\"yes\" data-elementor-lightbox-slideshow=\"deffca7\" data-elementor-lightbox-title=\"Copia de 450 X 500 BlackSwan (5)\" data-e-action-hash=\"#elementor-action%3Aaction%3Dlightbox%26settings%3DeyJpZCI6NDQ1LCJ1cmwiOiJodHRwczpcL1wvYmxhY2tzd2FuLnByb2NsdWJhZ2VuY3kuY29tXC93cC1jb250ZW50XC91cGxvYWRzXC8yMDI1XC8xMVwvQ29waWEtZGUtNDUwLVgtNTAwLUJsYWNrU3dhbi01LndlYnAiLCJzbGlkZXNob3ciOiJkZWZmY2E3In0%3D\">\n\t\t\t\t\t<div class=\"e-gallery-image elementor-gallery-item__image\" data-thumbnail=\"https:\/\/blackswan.proclubagency.com\/wp-content\/uploads\/2025\/11\/Copia-de-450-X-500-BlackSwan-5.webp\" data-width=\"450\" data-height=\"500\" aria-label=\"\" role=\"img\" ><\/div>\n\t\t\t\t\t\t\t\t\t\t\t<div class=\"elementor-gallery-item__overlay\"><\/div>\n\t\t\t\t\t\t\t\t\t\t\t\t\t\t<\/a>\n\t\t\t\t\t\t\t<a class=\"e-gallery-item elementor-gallery-item elementor-animated-content\" href=\"https:\/\/blackswan.proclubagency.com\/wp-content\/uploads\/2025\/11\/Copia-de-450-X-500-BlackSwan-6.webp\" data-elementor-open-lightbox=\"yes\" data-elementor-lightbox-slideshow=\"deffca7\" data-elementor-lightbox-title=\"Copia de 450 X 500 BlackSwan (6)\" data-e-action-hash=\"#elementor-action%3Aaction%3Dlightbox%26settings%3DeyJpZCI6NDQ2LCJ1cmwiOiJodHRwczpcL1wvYmxhY2tzd2FuLnByb2NsdWJhZ2VuY3kuY29tXC93cC1jb250ZW50XC91cGxvYWRzXC8yMDI1XC8xMVwvQ29waWEtZGUtNDUwLVgtNTAwLUJsYWNrU3dhbi02LndlYnAiLCJzbGlkZXNob3ciOiJkZWZmY2E3In0%3D\">\n\t\t\t\t\t<div class=\"e-gallery-image elementor-gallery-item__image\" data-thumbnail=\"https:\/\/blackswan.proclubagency.com\/wp-content\/uploads\/2025\/11\/Copia-de-450-X-500-BlackSwan-6.webp\" data-width=\"450\" data-height=\"500\" aria-label=\"\" role=\"img\" ><\/div>\n\t\t\t\t\t\t\t\t\t\t\t<div class=\"elementor-gallery-item__overlay\"><\/div>\n\t\t\t\t\t\t\t\t\t\t\t\t\t\t<\/a>\n\t\t\t\t\t\t\t<a class=\"e-gallery-item elementor-gallery-item elementor-animated-content\" href=\"https:\/\/blackswan.proclubagency.com\/wp-content\/uploads\/2025\/11\/Copia-de-450-X-500-BlackSwan-7.webp\" data-elementor-open-lightbox=\"yes\" data-elementor-lightbox-slideshow=\"deffca7\" data-elementor-lightbox-title=\"Copia de 450 X 500 BlackSwan (7)\" data-e-action-hash=\"#elementor-action%3Aaction%3Dlightbox%26settings%3DeyJpZCI6NDQ3LCJ1cmwiOiJodHRwczpcL1wvYmxhY2tzd2FuLnByb2NsdWJhZ2VuY3kuY29tXC93cC1jb250ZW50XC91cGxvYWRzXC8yMDI1XC8xMVwvQ29waWEtZGUtNDUwLVgtNTAwLUJsYWNrU3dhbi03LndlYnAiLCJzbGlkZXNob3ciOiJkZWZmY2E3In0%3D\">\n\t\t\t\t\t<div class=\"e-gallery-image elementor-gallery-item__image\" data-thumbnail=\"https:\/\/blackswan.proclubagency.com\/wp-content\/uploads\/2025\/11\/Copia-de-450-X-500-BlackSwan-7.webp\" data-width=\"450\" data-height=\"500\" aria-label=\"\" role=\"img\" ><\/div>\n\t\t\t\t\t\t\t\t\t\t\t<div class=\"elementor-gallery-item__overlay\"><\/div>\n\t\t\t\t\t\t\t\t\t\t\t\t\t\t<\/a>\n\t\t\t\t\t<\/div>\n\t\t\t\t\t<\/div>\n\t\t\t\t<\/div>\n\t\t\t\t<\/div>\n\t\t\t\t\t<\/div>\n\t\t\t\t<\/div>\n\t\t\t\t<\/div>","protected":false},"excerpt":{"rendered":"<p>La Chambre La Chambre es el refugio donde la intimidad adquiere otra dimensi\u00f3n. Entre paredes bord\u00f3, detalles dorados y un techo negro que envuelve la mirada, el espacio respira un aire de cabaret barroco: velas encendidas, texturas suaves, velos que caen sobre una cama amplia y una atm\u00f3sfera que invita a detener el tiempo. Aqu\u00ed, [&hellip;]<\/p>","protected":false},"author":1,"featured_media":0,"parent":0,"menu_order":0,"comment_status":"closed","ping_status":"closed","template":"elementor_header_footer","meta":{"footnotes":""},"class_list":["post-3100","page","type-page","status-publish","hentry"],"_hostinger_reach_plugin_has_subscription_block":false,"_hostinger_reach_plugin_is_elementor":false,"_links":{"self":[{"href":"https:\/\/blackswan.proclubagency.com\/de\/wp-json\/wp\/v2\/pages\/3100","targetHints":{"allow":["GET"]}}],"collection":[{"href":"https:\/\/blackswan.proclubagency.com\/de\/wp-json\/wp\/v2\/pages"}],"about":[{"href":"https:\/\/blackswan.proclubagency.com\/de\/wp-json\/wp\/v2\/types\/page"}],"author":[{"embeddable":true,"href":"https:\/\/blackswan.proclubagency.com\/de\/wp-json\/wp\/v2\/users\/1"}],"replies":[{"embeddable":true,"href":"https:\/\/blackswan.proclubagency.com\/de\/wp-json\/wp\/v2\/comments?post=3100"}],"version-history":[{"count":148,"href":"https:\/\/blackswan.proclubagency.com\/de\/wp-json\/wp\/v2\/pages\/3100\/revisions"}],"predecessor-version":[{"id":3635,"href":"https:\/\/blackswan.proclubagency.com\/de\/wp-json\/wp\/v2\/pages\/3100\/revisions\/3635"}],"wp:attachment":[{"href":"https:\/\/blackswan.proclubagency.com\/de\/wp-json\/wp\/v2\/media?parent=3100"}],"curies":[{"name":"wp","href":"https:\/\/api.w.org\/{rel}","templated":true}]}}